{"id":820,"date":"2020-09-08T18:36:19","date_gmt":"2020-09-08T23:36:19","guid":{"rendered":"https:\/\/www.smls.mx\/?page_id=820"},"modified":"2020-09-09T13:31:55","modified_gmt":"2020-09-09T18:31:55","slug":"foundation","status":"publish","type":"page","link":"https:\/\/smls.mx\/?page_id=820&lang=en","title":{"rendered":"FOUNDATION"},"content":{"rendered":"\t\t<div data-elementor-type=\"wp-page\" data-elementor-id=\"820\" class=\"elementor elementor-820\">\n\t\t\t\t\t\t<section class=\"elementor-section elementor-top-section elementor-element elementor-element-dad72ec elementor-section-boxed elementor-section-height-default elementor-section-height-default\" data-id=\"dad72ec\" data-element_type=\"section\" data-e-type=\"section\">\n\t\t\t\t\t\t<div class=\"elementor-container elementor-column-gap-default\">\n\t\t\t\t\t<div class=\"elementor-column elementor-col-100 elementor-top-column elementor-element elementor-element-36d081a\" data-id=\"36d081a\" data-element_type=\"column\" data-e-type=\"column\">\n\t\t\t<div class=\"elementor-widget-wrap elementor-element-populated\">\n\t\t\t\t\t\t<div class=\"elementor-element elementor-element-a2c7169 elementor-widget elementor-widget-text-editor\" data-id=\"a2c7169\" data-element_type=\"widget\" data-e-type=\"widget\" data-widget_type=\"text-editor.default\">\n\t\t\t\t<div class=\"elementor-widget-container\">\n\t\t\t\t\t\t\t\t\t<p style=\"text-align: justify;\"><span style=\"color: #000000;\">The Mexican Society of Synchrotron Light, A.C. (SMLS) is a national organization (Union) founded on December 9th, 2019 by Mayra Cu\u00e9llar-Cruz, PhD., Abel Moreno-C\u00e1rcamo Ph.D., Luis Edmundo Fuentes-Cobas Ph.D., Mar\u00eda Elena Montero-Cabrera Ph.D., Fernando Mat\u00edas-Moreno-Yntriago Ph.D., Gustavo Cruz-Jim\u00e9nez Ph.D., and Ren\u00e9 Loredo-Portales Ph.D.\u00a0<\/span><\/p><p style=\"text-align: justify;\"><span style=\"color: #000000;\">The aim of founding the SMLS brought together a group of Mexican students and professionals that develop and use synchrotron light as an instrumental tools in their scientific research and carriers. This is the first scientific society of its kind in Latin America, that looks at the future and brings the techniques of synchrotron light (through courses, workshops, schools and congresses) to the Mexican society\u00a0 not only to get technical benefits to academic and research users but to get closer to industry and promote innovative technology.<\/span><\/p>\t\t\t\t\t\t\t\t<\/div>\n\t\t\t\t<\/div>\n\t\t\t\t\t<\/div>\n\t\t<\/div>\n\t\t\t\t\t<\/div>\n\t\t<\/section>\n\t\t\t\t<\/div>\n\t\t","protected":false},"excerpt":{"rendered":"<p>The Mexican Society of Synchrotron Light, A.C. (SMLS) is a national organization (Union) founded on December 9th, 2019 by Mayra Cu\u00e9llar-Cruz, PhD., Abel Moreno-C\u00e1rcamo Ph.D., Luis Edmundo Fuentes-Cobas Ph.D., Mar\u00eda Elena Montero-Cabrera Ph.D., Fernando Mat\u00edas-Moreno-Yntriago Ph.D., Gustavo Cruz-Jim\u00e9nez Ph.D., and Ren\u00e9 Loredo-Portales Ph.D.&nbsp; The aim of founding the SMLS brought together a group of Mexican students and professionals that develop<\/p>\n<p><a class=\"more-link\" href=\"https:\/\/smls.mx\/?page_id=820&#038;lang=en\">Leer m\u00e1s<\/a><\/p>\n<div class=\"pvc_clear\"><\/div>\n<p id=\"pvc_stats_820\" class=\"pvc_stats all  \" data-element-id=\"820\" style=\"\"><i class=\"pvc-stats-icon medium\" aria-hidden=\"true\"><svg aria-hidden=\"true\" focusable=\"false\" data-prefix=\"far\" data-icon=\"chart-bar\" role=\"img\" xmlns=\"http:\/\/www.w3.org\/2000\/svg\" viewBox=\"0 0 512 512\" class=\"svg-inline--fa fa-chart-bar fa-w-16 fa-2x\"><path fill=\"currentColor\" d=\"M396.8 352h22.4c6.4 0 12.8-6.4 12.8-12.8V108.8c0-6.4-6.4-12.8-12.8-12.8h-22.4c-6.4 0-12.8 6.4-12.8 12.8v230.4c0 6.4 6.4 12.8 12.8 12.8zm-192 0h22.4c6.4 0 12.8-6.4 12.8-12.8V140.8c0-6.4-6.4-12.8-12.8-12.8h-22.4c-6.4 0-12.8 6.4-12.8 12.8v198.4c0 6.4 6.4 12.8 12.8 12.8zm96 0h22.4c6.4 0 12.8-6.4 12.8-12.8V204.8c0-6.4-6.4-12.8-12.8-12.8h-22.4c-6.4 0-12.8 6.4-12.8 12.8v134.4c0 6.4 6.4 12.8 12.8 12.8zM496 400H48V80c0-8.84-7.16-16-16-16H16C7.16 64 0 71.16 0 80v336c0 17.67 14.33 32 32 32h464c8.84 0 16-7.16 16-16v-16c0-8.84-7.16-16-16-16zm-387.2-48h22.4c6.4 0 12.8-6.4 12.8-12.8v-70.4c0-6.4-6.4-12.8-12.8-12.8h-22.4c-6.4 0-12.8 6.4-12.8 12.8v70.4c0 6.4 6.4 12.8 12.8 12.8z\" class=\"\"><\/path><\/svg><\/i> <img decoding=\"async\" width=\"16\" height=\"16\" alt=\"Loading\" src=\"https:\/\/smls.mx\/wp-content\/plugins\/page-views-count\/ajax-loader-2x.gif\" border=0 \/><\/p>\n<div class=\"pvc_clear\"><\/div>\n","protected":false},"author":2,"featured_media":0,"parent":0,"menu_order":0,"comment_status":"closed","ping_status":"closed","template":"","meta":{"footnotes":""},"class_list":["post-820","page","type-page","status-publish","hentry"],"a3_pvc":{"activated":true,"total_views":3627,"today_views":0},"_links":{"self":[{"href":"https:\/\/smls.mx\/index.php?rest_route=\/wp\/v2\/pages\/820","targetHints":{"allow":["GET"]}}],"collection":[{"href":"https:\/\/smls.mx\/index.php?rest_route=\/wp\/v2\/pages"}],"about":[{"href":"https:\/\/smls.mx\/index.php?rest_route=\/wp\/v2\/types\/page"}],"author":[{"embeddable":true,"href":"https:\/\/smls.mx\/index.php?rest_route=\/wp\/v2\/users\/2"}],"replies":[{"embeddable":true,"href":"https:\/\/smls.mx\/index.php?rest_route=%2Fwp%2Fv2%2Fcomments&post=820"}],"version-history":[{"count":3,"href":"https:\/\/smls.mx\/index.php?rest_route=\/wp\/v2\/pages\/820\/revisions"}],"predecessor-version":[{"id":955,"href":"https:\/\/smls.mx\/index.php?rest_route=\/wp\/v2\/pages\/820\/revisions\/955"}],"wp:attachment":[{"href":"https:\/\/smls.mx\/index.php?rest_route=%2Fwp%2Fv2%2Fmedia&parent=820"}],"curies":[{"name":"wp","href":"https:\/\/api.w.org\/{rel}","templated":true}]}}