{"id":679,"date":"2020-09-03T20:07:42","date_gmt":"2020-09-04T01:07:42","guid":{"rendered":"https:\/\/www.smls.mx\/?page_id=679"},"modified":"2021-05-17T16:56:11","modified_gmt":"2021-05-17T21:56:11","slug":"i-congreso-nacional-e-internacional","status":"publish","type":"page","link":"https:\/\/smls.mx\/?page_id=679","title":{"rendered":"I Congreso Nacional e Internacional"},"content":{"rendered":"\t\t<div data-elementor-type=\"wp-page\" data-elementor-id=\"679\" class=\"elementor elementor-679\">\n\t\t\t\t\t\t<section class=\"elementor-section elementor-top-section elementor-element elementor-element-6ea75db elementor-section-boxed elementor-section-height-default elementor-section-height-default\" data-id=\"6ea75db\" data-element_type=\"section\" data-e-type=\"section\">\n\t\t\t\t\t\t<div class=\"elementor-container elementor-column-gap-default\">\n\t\t\t\t\t<div class=\"elementor-column elementor-col-100 elementor-top-column elementor-element elementor-element-7b1a70b\" data-id=\"7b1a70b\" data-element_type=\"column\" data-e-type=\"column\">\n\t\t\t<div class=\"elementor-widget-wrap elementor-element-populated\">\n\t\t\t\t\t\t<div class=\"elementor-element elementor-element-658c340 elementor-widget elementor-widget-image\" data-id=\"658c340\" data-element_type=\"widget\" data-e-type=\"widget\" data-widget_type=\"image.default\">\n\t\t\t\t<div class=\"elementor-widget-container\">\n\t\t\t\t\t\t\t\t\t\t\t\t\t\t\t<img fetchpriority=\"high\" decoding=\"async\" width=\"1024\" height=\"367\" src=\"https:\/\/smls.mx\/wp-content\/uploads\/2021\/02\/banner-espan\u0303ol-1024x367.jpg\" class=\"attachment-large size-large wp-image-1720\" alt=\"\" srcset=\"https:\/\/smls.mx\/wp-content\/uploads\/2021\/02\/banner-espan\u0303ol-1024x367.jpg 1024w, https:\/\/smls.mx\/wp-content\/uploads\/2021\/02\/banner-espan\u0303ol-300x108.jpg 300w, https:\/\/smls.mx\/wp-content\/uploads\/2021\/02\/banner-espan\u0303ol-768x275.jpg 768w\" sizes=\"(max-width: 1024px) 100vw, 1024px\" \/>\t\t\t\t\t\t\t\t\t\t\t\t\t\t\t<\/div>\n\t\t\t\t<\/div>\n\t\t\t\t<div class=\"elementor-element elementor-element-00c2b62 elementor-widget elementor-widget-text-editor\" data-id=\"00c2b62\" data-element_type=\"widget\" data-e-type=\"widget\" data-widget_type=\"text-editor.default\">\n\t\t\t\t<div class=\"elementor-widget-container\">\n\t\t\t\t\t\t\t\t\t<p><span style=\"color: #000000;\"><strong>Invitaci\u00f3n<\/strong><\/span><\/p><p style=\"text-align: justify;\"><span style=\"color: #000000;\">La Mesa Directiva de la Sociedad Mexicana de Luz Sincrotr\u00f3n, A.C. (SMLS), convoca al\u00a0 <strong>I Congreso Nacional de la Sociedad Mexicana de Luz Sincrotr\u00f3n y al I Congreso Internacional de T\u00e9cnicas de Luz Sincrotr\u00f3n<\/strong>, que se celebrar\u00e1n del 21 al 26 de junio del 2021, de manera virtual en Le\u00f3n, Guanajuato, M\u00e9xico.<\/span><\/p><p><span style=\"color: #000000;\"><strong>Presentaci\u00f3n<\/strong><\/span><\/p><p style=\"text-align: justify;\"><span style=\"color: #000000;\">La investigaci\u00f3n moderna utiliza las t\u00e9cnicas de radiaci\u00f3n sincrotr\u00f3n. Estas juegan un papel importante en investigaciones realizadas en muchas universidades y centros de investigaci\u00f3n en el mundo. En nuestro pa\u00eds, estas t\u00e9cnicas se han empleado para hacer investigaciones en ciencia de frontera y en innovaciones tecnol\u00f3gicas en numerosas \u00e1reas, como son biolog\u00eda, qu\u00edmica, ciencia de los materiales, geolog\u00eda, patrimonio cultural, f\u00edsica, medicina y ciencias de la vida. En este evento se contar\u00e1 con conferencias plenarias, conferencias invitadas, ponencias y presentaciones de trabajos en formato oral y de cartel. Tambi\u00e9n se impartir\u00e1n cursos simult\u00e1neos en t\u00e9cnicas de Luz Sincrotr\u00f3n. Esperamos contar con su presencia. <strong><span style=\"color: #725d00;\"><a style=\"color: #725d00;\" href=\"https:\/\/smls.mx\/wp-content\/uploads\/2021\/02\/espan\u0303ol_16febrero.pdf\">Consulta el programa aqu\u00ed.<\/a><\/span><\/strong><\/span><\/p><p><span style=\"color: #000000;\"><strong>\u00c1reas de los trabajos a presentar<\/strong><\/span><\/p><p style=\"text-align: justify;\"><span style=\"color: #000000;\">Se considerar\u00e1n trabajos en las \u00e1reas de biolog\u00eda, qu\u00edmica, ciencia de los materiales, geolog\u00eda, patrimonio cultural, f\u00edsica, medicina, ciencias de la vida, entre otras, en donde se aplique luz sincrotr\u00f3n.<\/span><\/p><p><span style=\"color: #000000;\"><strong>Recepci\u00f3n de res\u00famenes<\/strong><\/span><\/p><p style=\"text-align: justify;\"><span style=\"color: #000000;\">Los res\u00famenes podr\u00e1n ser registrados en la p\u00e1gina <a style=\"color: #000000;\" href=\"about:blank\">www.smls.mx<\/a> a partir del lunes 28 de septiembre del 2020 y hasta el viernes 11 de junio de 2021. <span style=\"color: #725d00;\"><a style=\"color: #725d00;\" href=\"https:\/\/smls.mx\/wp-content\/uploads\/2021\/05\/Template-Congress-SMLS-FINAL.docx\"><strong>Descarga la plantilla aqu\u00ed<\/strong><\/a><\/span><\/span><\/p><p><span style=\"color: #000000;\"><strong>Indicaciones generales para los autores<\/strong><\/span><\/p><ul><li style=\"text-align: justify;\"><span style=\"color: #000000;\">Los trabajos para este congreso se presentar\u00e1n de acuerdo a los lineamientos establecidos en la p\u00e1gina www.smls.mx<\/span><\/li><li style=\"text-align: justify;\"><span style=\"color: #000000;\">Se aceptar\u00e1n trabajos que hayan utilizado fuentes de luz sincrotr\u00f3n, dise\u00f1o de aceleradores, as\u00ed como aquellos en donde se plantea el uso de luz sincrotr\u00f3n.<\/span><\/li><li style=\"text-align: justify;\"><span style=\"color: #000000;\">Los trabajos se adjuntar\u00e1n en l\u00ednea, siguiendo las indicaciones de la aplicaci\u00f3n de registro.<\/span><\/li><li style=\"text-align: justify;\"><span style=\"color: #000000;\">Para que su trabajo sea presentado en el congreso se requiere haber cubierto la cuota de inscripci\u00f3n correspondiente, al menos del autor que presentar\u00e1 el trabajo.<\/span><\/li><li style=\"text-align: justify;\"><span style=\"color: #000000;\">Los trabajos ser\u00e1n evaluados, para su presentaci\u00f3n en el Congreso, por el Comit\u00e9 Cient\u00edfico de la SMLS. Las contribuciones aceptadas ser\u00e1n publicadas en un n\u00famero Suplemento de la Revista Mexicana de F\u00edsica (RMF, <a style=\"color: #000000;\" href=\"https:\/\/rmf.smf.mx\/ojs\/rmf-s\/index\">https:\/\/rmf.smf.mx\/ojs\/rmf-s\/index<\/a>). Los trabajos que el Comit\u00e9 Cient\u00edfico seleccione ser\u00e1n considerados para su evaluaci\u00f3n y eventual publicaci\u00f3n en la secci\u00f3n Advanced Light Sources de la RMF.<\/span><\/li><\/ul><p><strong><span style=\"color: #000000;\">CARACTER\u00cdSTICAS DEL P\u00d3STER EN FORMATO DIGITAL<\/span><\/strong><\/p><p style=\"text-align: left;\"><span style=\"color: #000000;\">Dimensiones:\u00a0<\/span><\/p><p style=\"text-align: left;\"><span style=\"color: #000000;\">Ancho: 90 cm\u00a0 Alto: 120 cm<\/span><\/p><p><span style=\"color: #000000;\"><strong>Estructura<\/strong><\/span><\/p><p style=\"text-align: justify;\"><span style=\"color: #000000;\"><strong>T\u00edtulo:<\/strong> Se recomienda utilizar la fuente Arial con tama\u00f1o de 80 a 100 puntos (de acuerdo con el tama\u00f1o del t\u00edtulo). Se recomienda utilizar por lo menos dos logos: el institucional y el del congreso (disponible abajo), uno en cada lado del t\u00edtulo.<\/span><\/p><p style=\"text-align: justify;\"><span style=\"color: #000000;\"><strong>Autores y Adscripciones:<\/strong> Se recomienda utilizar la fuente Arial con tama\u00f1o de 30 a 32 puntos (de acuerdo con el n\u00famero de participantes), resaltando con un \u201c*\u201d quien presenta el p\u00f3ster en sesi\u00f3n. El formato para las instituciones debe limitarse a contener la siguiente informaci\u00f3n: Instituci\u00f3n, dependencia, calle y n\u00famero, colonia, estado, municipio, c\u00f3digo postal, pa\u00eds.<\/span><\/p><p style=\"text-align: justify;\"><span style=\"color: #000000;\"><strong>Secciones:<\/strong> El cuerpo del p\u00f3ster debe contener por lo menos las siguientes secciones:<\/span><\/p><ul><li style=\"text-align: left;\"><span style=\"color: #000000;\">Introducci\u00f3n y objetivos<\/span><\/li><li style=\"text-align: left;\"><span style=\"color: #000000;\">Metodolog\u00eda<\/span><\/li><li style=\"text-align: left;\"><span style=\"color: #000000;\">Resultados y Discusiones<\/span><\/li><li style=\"text-align: left;\"><span style=\"color: #000000;\">Conclusiones<\/span><\/li><li style=\"text-align: left;\"><span style=\"color: #000000;\">Bibliograf\u00eda<\/span><\/li><\/ul><p style=\"text-align: justify;\"><span style=\"color: #000000;\">Se recomienda utilizar fuente Arial entre 32 a 36, distinguiendo entre t\u00edtulos y texto con el n\u00famero de fuente menor para el texto en general, a excepci\u00f3n de la bibliograf\u00eda en donde pueden emplearse un n\u00famero de fuente de hasta 28 puntos. El formato de la bibliograf\u00eda debe limitarse a contener la siguiente informaci\u00f3n: Primer autor seguido de et al. (En el caso de dos autores puede emplearse \u201c&amp;\u201d), a\u00f1o, nombre de la revista o editorial, paginaci\u00f3n o n\u00famero de p\u00e1ginas. Se recomienda como n\u00famero l\u00edmite de referencias hasta 5.<\/span><\/p><p><strong><span style=\"color: #000000;\">PRESENTACI\u00d3N DEL P\u00d3STER<\/span><\/strong><\/p><p style=\"text-align: justify;\"><span style=\"color: #000000;\">Se realizar\u00e1 una presentaci\u00f3n en la hora asignada por el Comit\u00e9 Organizador durante el congreso. Para la presentaci\u00f3n, el archivo del p\u00f3ster deber\u00e1 enviarse en el tama\u00f1o original (90&#215;120 cm) y en tama\u00f1o carta en formato PDF, a la siguiente direcci\u00f3n: inscripcionsmls@gmail.com con el asunto: P\u00f3ster, seguido del nombre de la persona registrada en el congreso. Los archivos deber\u00e1n nombrarse como sigue: Poster_Primer apellido_ primer inicial del segundo apellido y primer nombre. Poster_Lopez_LP.pdf.<\/span><\/p><p style=\"text-align: justify;\"><span style=\"color: #000000;\">La presentaci\u00f3n del mismo consistir\u00e1 en una exposici\u00f3n oral de hasta 7 minutos incluyendo 3 minutos adicionales de preguntas y respuestas. La presentaci\u00f3n oral puede sustituirse por un video (de hasta 7 minutos) que puede subirse en la plataforma de videos Youtube y que ser\u00e1 transmitida en el horario que le corresponda al presentador. El link del video debe adjuntarse al correo con el trabajo en PDF. Puede usarse el mismo p\u00f3ster para realizar la presentaci\u00f3n, o bien, preparar una presentaci\u00f3n con el software que el presentador considere adecuada.\u00a0 Este \u00faltimo archivo de presentaci\u00f3n no es necesario enviarlo al Comit\u00e9 Organizador.<\/span><\/p><p style=\"text-align: justify;\"><strong><span style=\"color: #000000;\">La fecha l\u00edmite de env\u00edo del p\u00f3ster aceptado ser\u00e1 el 20 de junio de 2021.<\/span><\/strong><\/p><p><span style=\"color: #000000;\"><strong>Cuotas de inscripci\u00f3n al Congreso\u00a0<\/strong><\/span><\/p><table width=\"359\"><tbody><tr><td width=\"189\"><p style=\"text-align: center;\"><strong><span style=\"color: #000000;\">Grupo<\/span><\/strong><\/p><\/td><td style=\"text-align: justify;\" width=\"170\"><p style=\"text-align: center;\"><strong><span style=\"color: #000000;\">Cuota<\/span><\/strong><\/p><\/td><\/tr><tr><td width=\"189\"><p style=\"text-align: center;\"><span style=\"color: #000000;\">Representante de Empresa<\/span><\/p><\/td><td width=\"170\"><p style=\"text-align: center;\"><span style=\"color: #000000;\">$2,602.50<\/span><\/p><\/td><\/tr><tr><td style=\"text-align: center;\" width=\"189\"><p><span style=\"color: #000000;\">Profesional consolidado(1)<\/span><\/p><\/td><td width=\"170\"><p style=\"text-align: center;\"><span style=\"color: #000000;\">$2,082.80<\/span><\/p><\/td><\/tr><tr><td style=\"text-align: center;\" width=\"189\"><p><span style=\"color: #000000;\">Profesional en desarrollo(2)<\/span><\/p><\/td><td width=\"170\"><p style=\"text-align: center;\"><span style=\"color: #000000;\">$1,874.92<\/span><\/p><\/td><\/tr><tr style=\"text-align: justify;\"><td style=\"text-align: center;\" width=\"189\"><p><span style=\"color: #000000;\">Estudiantes posgrado<\/span><\/p><\/td><td width=\"170\"><p style=\"text-align: center;\"><span style=\"color: #000000;\">$1,043.40<\/span><\/p><\/td><\/tr><tr style=\"text-align: justify;\"><td width=\"189\"><p style=\"text-align: center;\"><span style=\"color: #000000;\">Estudiantes pregrado<\/span><\/p><\/td><td style=\"text-align: center;\" width=\"170\"><p><span style=\"color: #000000;\">$523.70<\/span><\/p><\/td><\/tr><tr><td style=\"text-align: center;\" width=\"189\"><p><span style=\"color: #000000;\">Jubilados<\/span><\/p><\/td><td width=\"170\"><p style=\"text-align: center;\"><span style=\"color: #000000;\">$ 263.85<\/span><\/p><\/td><\/tr><\/tbody><\/table><p style=\"text-align: left;\"><span style=\"color: #000000;\">(1) Profesores universitarios e investigadores de tiempo completo.<\/span><\/p><p style=\"text-align: left;\"><span style=\"color: #000000;\">(2) Catedr\u00e1ticos CONACYT, profesores por horas, profesionistas a t\u00edtulo personal.<\/span><\/p><p style=\"text-align: justify;\"><strong><span style=\"color: #000000;\">*Fecha l\u00edmite de pago: 21 de junio de 2021.<\/span><\/strong><\/p><p><span style=\"color: #000000;\"><strong>FORMAS DE PAGO<\/strong><\/span><\/p><p><strong><span style=\"color: #000000;\">A) <span style=\"text-decoration: underline;\">DEP\u00d3SITO A CUENTA<\/span><\/span><\/strong><\/p><p><span style=\"color: #000000;\"><strong>Nombre:<\/strong> Sociedad Mexicana de Luz Sincrotr\u00f3n, A.C.<\/span><\/p><p><span style=\"color: #000000;\"><strong>Banco:<\/strong> Santander<\/span><\/p><p><span style=\"color: #000000;\"><strong>N\u00famero de cuenta:<\/strong> 65-50820445-0<\/span><\/p><p><span style=\"color: #000000;\"><strong>CLABE:<\/strong> 014225655082044501<\/span><\/p><p><strong><span style=\"color: #000000;\">B) <span style=\"text-decoration: underline;\">MERCADO PAGO<\/span><\/span><\/strong><\/p><p><span style=\"color: #000000;\"><strong>NOTA:<\/strong> El pago por este m\u00e9todo puede ser diferido a 3,6,9 y 12 sin intereses.<\/span><\/p><p><a href=\"https:\/\/smls.mx\/formas-de-pago\/\"><img decoding=\"async\" class=\"alignnone size-medium wp-image-1511\" src=\"https:\/\/smls.mx\/wp-content\/uploads\/2021\/01\/5FA-300x78.png\" alt=\"\" width=\"300\" height=\"78\" srcset=\"https:\/\/smls.mx\/wp-content\/uploads\/2021\/01\/5FA-300x78.png 300w, https:\/\/smls.mx\/wp-content\/uploads\/2021\/01\/5FA.png 486w\" sizes=\"(max-width: 300px) 100vw, 300px\" \/><\/a><\/p><p><span style=\"color: #000000;\"><strong>Becas<\/strong><\/span><\/p><p style=\"text-align: justify;\"><span style=\"color: #000000;\">La SMLS otorgar\u00e1 un n\u00famero limitado de becas, las cuales ser\u00e1n otorgadas mediante reembolso, de acuerdo con los siguientes lineamientos:<\/span><\/p><ul><li style=\"text-align: justify;\"><span style=\"color: #000000;\">El estudiante deber\u00e1 haber enviado el resumen de su trabajo a m\u00e1s tardar en la fecha l\u00edmite establecida y ser parte de los autores del trabajo enviado. Adem\u00e1s, es requisito indispensable ser miembro de la SMLS activo.<\/span><\/li><li style=\"text-align: justify;\"><span style=\"color: #000000;\">Enviar despu\u00e9s de que sea notificado que su trabajo fue aceptado, una carta solicitud en papel membretado de su instituci\u00f3n, dirigida a la mesa directiva de la SMLS con el visto bueno del Director del trabajo.<\/span><\/li><\/ul><p style=\"text-align: justify;\"><span style=\"color: #000000;\"><strong>\u00a0<\/strong><\/span><\/p><p><span style=\"color: #000000;\"><strong>Premios a los mejores trabajos<\/strong><\/span><\/p><p><span style=\"color: #000000;\">Al t\u00e9rmino del Congreso, se otorgar\u00e1n los siguientes premios a los mejores trabajos:<\/span><\/p><ul><li style=\"text-align: justify;\"><span style=\"color: #000000;\">El primer lugar ser\u00e1 galardonado con el premio \u201cDr. Fernando Mat\u00edas Moreno Yntriago\u201d. En este premio se otorgar\u00e1 dinero en efectivo y un diploma.<\/span><\/li><li style=\"text-align: justify;\"><span style=\"color: #000000;\">El segundo lugar ser\u00e1 acreedor a un paquete de libros de connotados cient\u00edficos en diferentes t\u00e9cnicas de luz sincrotr\u00f3n y un diploma.<\/span><\/li><li style=\"text-align: justify;\"><span style=\"color: #000000;\">El tercer lugar consistir\u00e1 en un regalo representativo del estado de Guanajuato y un diploma.<\/span><\/li><\/ul><p style=\"text-align: justify;\"><span style=\"color: #000000;\">Los autores de los trabajos ganadores deber\u00e1n ser socios activos al momento de la premiaci\u00f3n (es decir haber cubierto su cuota anual).<\/span><\/p><p style=\"text-align: center;\"><strong><span style=\"color: #000000;\">COMIT\u00c9 ORGANIZADOR GENERAL<\/span><\/strong><br \/><span style=\"color: #000000;\">Dra. Mayra Cu\u00e9llar Cruz (Presidente)<\/span><br \/><span style=\"color: #000000;\">Dr. Abel Moreno C\u00e1rcamo<\/span><br \/><span style=\"color: #000000;\">Dra. Mar\u00eda Elena Montero Cabrera<\/span><br \/><span style=\"color: #000000;\">Dr. Luis Edmundo Fuentes Cobas<\/span><br \/><span style=\"color: #000000;\">Dr. Gustavo Cruz Jimenez <\/span><br \/><span style=\"color: #000000;\">Dr. Mat\u00edas Moreno Yntriago <\/span><br \/><span style=\"color: #000000;\">Dr. Ren\u00e9 Loredo Portales<\/span><\/p><p><span style=\"color: #000000;\"><strong>Datos de contacto:<\/strong><\/span><\/p><p><span style=\"color: #000000;\">sociedadmexicanasincrotron@gmail.com<\/span><\/p><p><a href=\"https:\/\/smls.mx\/inscripcion-congreso\/\"><img decoding=\"async\" class=\"alignnone size-medium wp-image-708\" src=\"https:\/\/smls.mx\/wp-content\/uploads\/2020\/09\/INSCRIBETE-AQUI-300x120.png\" alt=\"\" width=\"300\" height=\"120\" srcset=\"https:\/\/smls.mx\/wp-content\/uploads\/2020\/09\/INSCRIBETE-AQUI-300x120.png 300w, https:\/\/smls.mx\/wp-content\/uploads\/2020\/09\/INSCRIBETE-AQUI-600x240.png 600w, https:\/\/smls.mx\/wp-content\/uploads\/2020\/09\/INSCRIBETE-AQUI-768x307.png 768w, https:\/\/smls.mx\/wp-content\/uploads\/2020\/09\/INSCRIBETE-AQUI-776x310.png 776w, https:\/\/smls.mx\/wp-content\/uploads\/2020\/09\/INSCRIBETE-AQUI.png 800w\" sizes=\"(max-width: 300px) 100vw, 300px\" \/><\/a><\/p><p style=\"text-align: center;\">\u00a0<\/p>\t\t\t\t\t\t\t\t<\/div>\n\t\t\t\t<\/div>\n\t\t\t\t\t<\/div>\n\t\t<\/div>\n\t\t\t\t\t<\/div>\n\t\t<\/section>\n\t\t\t\t<\/div>\n\t\t","protected":false},"excerpt":{"rendered":"<p>Invitaci\u00f3n La Mesa Directiva de la Sociedad Mexicana de Luz Sincrotr\u00f3n, A.C. (SMLS), convoca al\u00a0 I Congreso Nacional de la Sociedad Mexicana de Luz Sincrotr\u00f3n y al I Congreso Internacional de T\u00e9cnicas de Luz Sincrotr\u00f3n, que se celebrar\u00e1n del 21 al 26 de junio del 2021, de manera virtual en Le\u00f3n, Guanajuato, M\u00e9xico. Presentaci\u00f3n La investigaci\u00f3n moderna utiliza las t\u00e9cnicas<\/p>\n<p><a class=\"more-link\" href=\"https:\/\/smls.mx\/?page_id=679\">Leer m\u00e1s<\/a><\/p>\n<div class=\"pvc_clear\"><\/div>\n<p id=\"pvc_stats_679\" class=\"pvc_stats all  \" data-element-id=\"679\" style=\"\"><i class=\"pvc-stats-icon medium\" aria-hidden=\"true\"><svg aria-hidden=\"true\" focusable=\"false\" data-prefix=\"far\" data-icon=\"chart-bar\" role=\"img\" xmlns=\"http:\/\/www.w3.org\/2000\/svg\" viewBox=\"0 0 512 512\" class=\"svg-inline--fa fa-chart-bar fa-w-16 fa-2x\"><path fill=\"currentColor\" d=\"M396.8 352h22.4c6.4 0 12.8-6.4 12.8-12.8V108.8c0-6.4-6.4-12.8-12.8-12.8h-22.4c-6.4 0-12.8 6.4-12.8 12.8v230.4c0 6.4 6.4 12.8 12.8 12.8zm-192 0h22.4c6.4 0 12.8-6.4 12.8-12.8V140.8c0-6.4-6.4-12.8-12.8-12.8h-22.4c-6.4 0-12.8 6.4-12.8 12.8v198.4c0 6.4 6.4 12.8 12.8 12.8zm96 0h22.4c6.4 0 12.8-6.4 12.8-12.8V204.8c0-6.4-6.4-12.8-12.8-12.8h-22.4c-6.4 0-12.8 6.4-12.8 12.8v134.4c0 6.4 6.4 12.8 12.8 12.8zM496 400H48V80c0-8.84-7.16-16-16-16H16C7.16 64 0 71.16 0 80v336c0 17.67 14.33 32 32 32h464c8.84 0 16-7.16 16-16v-16c0-8.84-7.16-16-16-16zm-387.2-48h22.4c6.4 0 12.8-6.4 12.8-12.8v-70.4c0-6.4-6.4-12.8-12.8-12.8h-22.4c-6.4 0-12.8 6.4-12.8 12.8v70.4c0 6.4 6.4 12.8 12.8 12.8z\" class=\"\"><\/path><\/svg><\/i> <img loading=\"lazy\" decoding=\"async\" width=\"16\" height=\"16\" alt=\"Loading\" src=\"https:\/\/smls.mx\/wp-content\/plugins\/page-views-count\/ajax-loader-2x.gif\" border=0 \/><\/p>\n<div class=\"pvc_clear\"><\/div>\n","protected":false},"author":2,"featured_media":0,"parent":0,"menu_order":0,"comment_status":"closed","ping_status":"closed","template":"","meta":{"footnotes":""},"class_list":["post-679","page","type-page","status-publish","hentry"],"a3_pvc":{"activated":true,"total_views":5461,"today_views":0},"_links":{"self":[{"href":"https:\/\/smls.mx\/index.php?rest_route=\/wp\/v2\/pages\/679","targetHints":{"allow":["GET"]}}],"collection":[{"href":"https:\/\/smls.mx\/index.php?rest_route=\/wp\/v2\/pages"}],"about":[{"href":"https:\/\/smls.mx\/index.php?rest_route=\/wp\/v2\/types\/page"}],"author":[{"embeddable":true,"href":"https:\/\/smls.mx\/index.php?rest_route=\/wp\/v2\/users\/2"}],"replies":[{"embeddable":true,"href":"https:\/\/smls.mx\/index.php?rest_route=%2Fwp%2Fv2%2Fcomments&post=679"}],"version-history":[{"count":141,"href":"https:\/\/smls.mx\/index.php?rest_route=\/wp\/v2\/pages\/679\/revisions"}],"predecessor-version":[{"id":2069,"href":"https:\/\/smls.mx\/index.php?rest_route=\/wp\/v2\/pages\/679\/revisions\/2069"}],"wp:attachment":[{"href":"https:\/\/smls.mx\/index.php?rest_route=%2Fwp%2Fv2%2Fmedia&parent=679"}],"curies":[{"name":"wp","href":"https:\/\/api.w.org\/{rel}","templated":true}]}}