{"id":391,"date":"2020-03-30T19:17:55","date_gmt":"2020-03-31T01:17:55","guid":{"rendered":"http:\/\/www.smls.mx\/?page_id=391"},"modified":"2020-09-07T21:31:35","modified_gmt":"2020-09-08T02:31:35","slug":"mision","status":"publish","type":"page","link":"https:\/\/smls.mx\/?page_id=391","title":{"rendered":"MISI\u00d3N"},"content":{"rendered":"\t\t<div data-elementor-type=\"wp-page\" data-elementor-id=\"391\" class=\"elementor elementor-391\">\n\t\t\t\t\t\t<section class=\"elementor-section elementor-top-section elementor-element elementor-element-0fc0991 elementor-section-boxed elementor-section-height-default elementor-section-height-default\" data-id=\"0fc0991\" data-element_type=\"section\" data-e-type=\"section\">\n\t\t\t\t\t\t<div class=\"elementor-container elementor-column-gap-default\">\n\t\t\t\t\t<div class=\"elementor-column elementor-col-100 elementor-top-column elementor-element elementor-element-4aaecd5\" data-id=\"4aaecd5\" data-element_type=\"column\" data-e-type=\"column\">\n\t\t\t<div class=\"elementor-widget-wrap elementor-element-populated\">\n\t\t\t\t\t\t<div class=\"elementor-element elementor-element-d218d72 elementor-widget elementor-widget-text-editor\" data-id=\"d218d72\" data-element_type=\"widget\" data-e-type=\"widget\" data-widget_type=\"text-editor.default\">\n\t\t\t\t<div class=\"elementor-widget-container\">\n\t\t\t\t\t\t\t\t\t<p style=\"text-align: justify;\"><span style=\"color: #000000;\">Somos una sociedad que impulsa el desarrollo cient\u00edfico y tecnol\u00f3gico mediante la generaci\u00f3n de conocimiento y la formaci\u00f3n de recursos humanos especializados en la instalaci\u00f3n, el uso y aprovechamiento de t\u00e9cnicas de luz sincrotr\u00f3n que contribuya al desarrollo sustentable del pa\u00eds y que permitan la implementaci\u00f3n de innovaciones tecnol\u00f3gicas y se encargar\u00e1 de la formaci\u00f3n de cient\u00edficos en diversas \u00e1reas del uso de los sincrotrones.<\/span><\/p>\t\t\t\t\t\t\t\t<\/div>\n\t\t\t\t<\/div>\n\t\t\t\t\t<\/div>\n\t\t<\/div>\n\t\t\t\t\t<\/div>\n\t\t<\/section>\n\t\t\t\t<\/div>\n\t\t","protected":false},"excerpt":{"rendered":"<p>Somos una sociedad que impulsa el desarrollo cient\u00edfico y tecnol\u00f3gico mediante la generaci\u00f3n de conocimiento y la formaci\u00f3n de recursos humanos especializados en la instalaci\u00f3n, el uso y aprovechamiento de t\u00e9cnicas de luz sincrotr\u00f3n que contribuya al desarrollo sustentable del pa\u00eds y que permitan la implementaci\u00f3n de innovaciones tecnol\u00f3gicas y se encargar\u00e1 de la formaci\u00f3n de cient\u00edficos en diversas \u00e1reas<\/p>\n<p><a class=\"more-link\" href=\"https:\/\/smls.mx\/?page_id=391\">Leer m\u00e1s<\/a><\/p>\n<div class=\"pvc_clear\"><\/div>\n<p id=\"pvc_stats_391\" class=\"pvc_stats all  \" data-element-id=\"391\" style=\"\"><i class=\"pvc-stats-icon medium\" aria-hidden=\"true\"><svg aria-hidden=\"true\" focusable=\"false\" data-prefix=\"far\" data-icon=\"chart-bar\" role=\"img\" xmlns=\"http:\/\/www.w3.org\/2000\/svg\" viewBox=\"0 0 512 512\" class=\"svg-inline--fa fa-chart-bar fa-w-16 fa-2x\"><path fill=\"currentColor\" d=\"M396.8 352h22.4c6.4 0 12.8-6.4 12.8-12.8V108.8c0-6.4-6.4-12.8-12.8-12.8h-22.4c-6.4 0-12.8 6.4-12.8 12.8v230.4c0 6.4 6.4 12.8 12.8 12.8zm-192 0h22.4c6.4 0 12.8-6.4 12.8-12.8V140.8c0-6.4-6.4-12.8-12.8-12.8h-22.4c-6.4 0-12.8 6.4-12.8 12.8v198.4c0 6.4 6.4 12.8 12.8 12.8zm96 0h22.4c6.4 0 12.8-6.4 12.8-12.8V204.8c0-6.4-6.4-12.8-12.8-12.8h-22.4c-6.4 0-12.8 6.4-12.8 12.8v134.4c0 6.4 6.4 12.8 12.8 12.8zM496 400H48V80c0-8.84-7.16-16-16-16H16C7.16 64 0 71.16 0 80v336c0 17.67 14.33 32 32 32h464c8.84 0 16-7.16 16-16v-16c0-8.84-7.16-16-16-16zm-387.2-48h22.4c6.4 0 12.8-6.4 12.8-12.8v-70.4c0-6.4-6.4-12.8-12.8-12.8h-22.4c-6.4 0-12.8 6.4-12.8 12.8v70.4c0 6.4 6.4 12.8 12.8 12.8z\" class=\"\"><\/path><\/svg><\/i> <img decoding=\"async\" width=\"16\" height=\"16\" alt=\"Loading\" src=\"https:\/\/smls.mx\/wp-content\/plugins\/page-views-count\/ajax-loader-2x.gif\" border=0 \/><\/p>\n<div class=\"pvc_clear\"><\/div>\n","protected":false},"author":1,"featured_media":0,"parent":0,"menu_order":0,"comment_status":"closed","ping_status":"closed","template":"","meta":{"footnotes":""},"class_list":["post-391","page","type-page","status-publish","hentry"],"a3_pvc":{"activated":true,"total_views":4741,"today_views":0},"_links":{"self":[{"href":"https:\/\/smls.mx\/index.php?rest_route=\/wp\/v2\/pages\/391","targetHints":{"allow":["GET"]}}],"collection":[{"href":"https:\/\/smls.mx\/index.php?rest_route=\/wp\/v2\/pages"}],"about":[{"href":"https:\/\/smls.mx\/index.php?rest_route=\/wp\/v2\/types\/page"}],"author":[{"embeddable":true,"href":"https:\/\/smls.mx\/index.php?rest_route=\/wp\/v2\/users\/1"}],"replies":[{"embeddable":true,"href":"https:\/\/smls.mx\/index.php?rest_route=%2Fwp%2Fv2%2Fcomments&post=391"}],"version-history":[{"count":4,"href":"https:\/\/smls.mx\/index.php?rest_route=\/wp\/v2\/pages\/391\/revisions"}],"predecessor-version":[{"id":780,"href":"https:\/\/smls.mx\/index.php?rest_route=\/wp\/v2\/pages\/391\/revisions\/780"}],"wp:attachment":[{"href":"https:\/\/smls.mx\/index.php?rest_route=%2Fwp%2Fv2%2Fmedia&parent=391"}],"curies":[{"name":"wp","href":"https:\/\/api.w.org\/{rel}","templated":true}]}}