{"id":378,"date":"2020-03-30T19:11:27","date_gmt":"2020-03-31T01:11:27","guid":{"rendered":"http:\/\/www.smls.mx\/?page_id=378"},"modified":"2020-03-30T19:12:04","modified_gmt":"2020-03-31T01:12:04","slug":"fundacion","status":"publish","type":"page","link":"https:\/\/smls.mx\/?page_id=378","title":{"rendered":"FUNDACI\u00d3N"},"content":{"rendered":"\n<p>La Sociedad Mexicana de Luz Sincrotr\u00f3n, A. C.\n(SMLS), es una Organizaci\u00f3n Nacional fundada el 9 de diciembre del 2019, por un\ngrupo de cient\u00edficos constituido por los doctores Mayra Cu\u00e9llar Cruz, Abel\nMoreno C\u00e1rcamo, Luis Edmundo Fuentes Cobas, Mar\u00eda Elena Montero Cabrera,\nFernando Mat\u00edas Moreno Yntriago, Gustavo Cruz Jim\u00e9nez y Ren\u00e9 Loredo Portales. <\/p>\n\n\n\n<p>La fundaci\u00f3n de la Sociedad Mexicana de Luz\nSincrotr\u00f3n agrupa a los profesionales y estudiantes mexicanos que desarrollan y\nutilizan la luz Sincrotr\u00f3n como una herramienta en su investigaci\u00f3n cient\u00edfica.\nEsta es la primera sociedad cient\u00edfica de este tipo en Am\u00e9rica Latina, que se\nadelanta al futuro y acerca las t\u00e9cnicas de luz sincrotr\u00f3n (a trav\u00e9s de cursos,\ncursos, talleres, escuelas y congresos) no solo en beneficio de sus usuarios,\nsino se acerca a la industria e impulsar\u00e1 la innovaci\u00f3n tecnol\u00f3gica, as\u00ed como a\nla sociedad mexicana.<\/p>\n<div class=\"pvc_clear\"><\/div><p id=\"pvc_stats_378\" class=\"pvc_stats all  \" data-element-id=\"378\" style=\"\"><i class=\"pvc-stats-icon medium\" aria-hidden=\"true\"><svg aria-hidden=\"true\" focusable=\"false\" data-prefix=\"far\" data-icon=\"chart-bar\" role=\"img\" xmlns=\"http:\/\/www.w3.org\/2000\/svg\" viewBox=\"0 0 512 512\" class=\"svg-inline--fa fa-chart-bar fa-w-16 fa-2x\"><path fill=\"currentColor\" d=\"M396.8 352h22.4c6.4 0 12.8-6.4 12.8-12.8V108.8c0-6.4-6.4-12.8-12.8-12.8h-22.4c-6.4 0-12.8 6.4-12.8 12.8v230.4c0 6.4 6.4 12.8 12.8 12.8zm-192 0h22.4c6.4 0 12.8-6.4 12.8-12.8V140.8c0-6.4-6.4-12.8-12.8-12.8h-22.4c-6.4 0-12.8 6.4-12.8 12.8v198.4c0 6.4 6.4 12.8 12.8 12.8zm96 0h22.4c6.4 0 12.8-6.4 12.8-12.8V204.8c0-6.4-6.4-12.8-12.8-12.8h-22.4c-6.4 0-12.8 6.4-12.8 12.8v134.4c0 6.4 6.4 12.8 12.8 12.8zM496 400H48V80c0-8.84-7.16-16-16-16H16C7.16 64 0 71.16 0 80v336c0 17.67 14.33 32 32 32h464c8.84 0 16-7.16 16-16v-16c0-8.84-7.16-16-16-16zm-387.2-48h22.4c6.4 0 12.8-6.4 12.8-12.8v-70.4c0-6.4-6.4-12.8-12.8-12.8h-22.4c-6.4 0-12.8 6.4-12.8 12.8v70.4c0 6.4 6.4 12.8 12.8 12.8z\" class=\"\"><\/path><\/svg><\/i> <img decoding=\"async\" width=\"16\" height=\"16\" alt=\"Loading\" src=\"https:\/\/smls.mx\/wp-content\/plugins\/page-views-count\/ajax-loader-2x.gif\" border=0 \/><\/p><div class=\"pvc_clear\"><\/div>","protected":false},"excerpt":{"rendered":"<p>La Sociedad Mexicana de Luz Sincrotr\u00f3n, A. C. (SMLS), es una Organizaci\u00f3n Nacional fundada el 9 de diciembre del 2019, por un grupo de cient\u00edficos constituido por los doctores Mayra Cu\u00e9llar Cruz, Abel Moreno C\u00e1rcamo, Luis Edmundo Fuentes Cobas, Mar\u00eda Elena Montero Cabrera, Fernando Mat\u00edas Moreno Yntriago, Gustavo Cruz Jim\u00e9nez y Ren\u00e9 Loredo Portales. La fundaci\u00f3n de la Sociedad Mexicana<\/p>\n<p><a class=\"more-link\" href=\"https:\/\/smls.mx\/?page_id=378\">Leer m\u00e1s<\/a><\/p>\n<div class=\"pvc_clear\"><\/div>\n<p id=\"pvc_stats_378\" class=\"pvc_stats all  \" data-element-id=\"378\" style=\"\"><i class=\"pvc-stats-icon medium\" aria-hidden=\"true\"><svg aria-hidden=\"true\" focusable=\"false\" data-prefix=\"far\" data-icon=\"chart-bar\" role=\"img\" xmlns=\"http:\/\/www.w3.org\/2000\/svg\" viewBox=\"0 0 512 512\" class=\"svg-inline--fa fa-chart-bar fa-w-16 fa-2x\"><path fill=\"currentColor\" d=\"M396.8 352h22.4c6.4 0 12.8-6.4 12.8-12.8V108.8c0-6.4-6.4-12.8-12.8-12.8h-22.4c-6.4 0-12.8 6.4-12.8 12.8v230.4c0 6.4 6.4 12.8 12.8 12.8zm-192 0h22.4c6.4 0 12.8-6.4 12.8-12.8V140.8c0-6.4-6.4-12.8-12.8-12.8h-22.4c-6.4 0-12.8 6.4-12.8 12.8v198.4c0 6.4 6.4 12.8 12.8 12.8zm96 0h22.4c6.4 0 12.8-6.4 12.8-12.8V204.8c0-6.4-6.4-12.8-12.8-12.8h-22.4c-6.4 0-12.8 6.4-12.8 12.8v134.4c0 6.4 6.4 12.8 12.8 12.8zM496 400H48V80c0-8.84-7.16-16-16-16H16C7.16 64 0 71.16 0 80v336c0 17.67 14.33 32 32 32h464c8.84 0 16-7.16 16-16v-16c0-8.84-7.16-16-16-16zm-387.2-48h22.4c6.4 0 12.8-6.4 12.8-12.8v-70.4c0-6.4-6.4-12.8-12.8-12.8h-22.4c-6.4 0-12.8 6.4-12.8 12.8v70.4c0 6.4 6.4 12.8 12.8 12.8z\" class=\"\"><\/path><\/svg><\/i> <img decoding=\"async\" width=\"16\" height=\"16\" alt=\"Loading\" src=\"https:\/\/smls.mx\/wp-content\/plugins\/page-views-count\/ajax-loader-2x.gif\" border=0 \/><\/p>\n<div class=\"pvc_clear\"><\/div>\n","protected":false},"author":1,"featured_media":0,"parent":0,"menu_order":0,"comment_status":"closed","ping_status":"closed","template":"","meta":{"footnotes":""},"class_list":["post-378","page","type-page","status-publish","hentry"],"a3_pvc":{"activated":true,"total_views":1816,"today_views":0},"_links":{"self":[{"href":"https:\/\/smls.mx\/index.php?rest_route=\/wp\/v2\/pages\/378","targetHints":{"allow":["GET"]}}],"collection":[{"href":"https:\/\/smls.mx\/index.php?rest_route=\/wp\/v2\/pages"}],"about":[{"href":"https:\/\/smls.mx\/index.php?rest_route=\/wp\/v2\/types\/page"}],"author":[{"embeddable":true,"href":"https:\/\/smls.mx\/index.php?rest_route=\/wp\/v2\/users\/1"}],"replies":[{"embeddable":true,"href":"https:\/\/smls.mx\/index.php?rest_route=%2Fwp%2Fv2%2Fcomments&post=378"}],"version-history":[{"count":2,"href":"https:\/\/smls.mx\/index.php?rest_route=\/wp\/v2\/pages\/378\/revisions"}],"predecessor-version":[{"id":384,"href":"https:\/\/smls.mx\/index.php?rest_route=\/wp\/v2\/pages\/378\/revisions\/384"}],"wp:attachment":[{"href":"https:\/\/smls.mx\/index.php?rest_route=%2Fwp%2Fv2%2Fmedia&parent=378"}],"curies":[{"name":"wp","href":"https:\/\/api.w.org\/{rel}","templated":true}]}}