{"id":374,"date":"2020-03-30T19:10:13","date_gmt":"2020-03-31T01:10:13","guid":{"rendered":"http:\/\/www.smls.mx\/?page_id=374"},"modified":"2020-09-08T18:41:54","modified_gmt":"2020-09-08T23:41:54","slug":"antecedentes","status":"publish","type":"page","link":"https:\/\/smls.mx\/?page_id=374","title":{"rendered":"ANTECEDENTES HIST\u00d3RICOS"},"content":{"rendered":"\t\t<div data-elementor-type=\"wp-page\" data-elementor-id=\"374\" class=\"elementor elementor-374\">\n\t\t\t\t\t\t<section class=\"elementor-section elementor-top-section elementor-element elementor-element-94b4f32 elementor-section-boxed elementor-section-height-default elementor-section-height-default\" data-id=\"94b4f32\" data-element_type=\"section\" data-e-type=\"section\">\n\t\t\t\t\t\t<div class=\"elementor-container elementor-column-gap-default\">\n\t\t\t\t\t<div class=\"elementor-column elementor-col-100 elementor-top-column elementor-element elementor-element-9f31ebc\" data-id=\"9f31ebc\" data-element_type=\"column\" data-e-type=\"column\">\n\t\t\t<div class=\"elementor-widget-wrap elementor-element-populated\">\n\t\t\t\t\t\t<div class=\"elementor-element elementor-element-accb334 elementor-widget elementor-widget-text-editor\" data-id=\"accb334\" data-element_type=\"widget\" data-e-type=\"widget\" data-widget_type=\"text-editor.default\">\n\t\t\t\t<div class=\"elementor-widget-container\">\n\t\t\t\t\t\t\t\t\t<p><\/p><p style=\"text-align: justify;\"><span style=\"color: #000000;\">Los antecedentes hist\u00f3ricos de la Sociedad Mexicana de Luz Sinctrotr\u00f3n, A.C., datan del a\u00f1o 2011, fecha en la que se realiz\u00f3 la primera reuni\u00f3n de cient\u00edficos mexicanos que hac\u00edan uso de la luz sincrotr\u00f3n, y desde entonces hasta nuestro d\u00edas, \u00e9sta comunidad ha realizado un esfuerzo en llevar reuniones peri\u00f3dicas a trav\u00e9s de diversos tipos de eventos y su objetivo ha sido incrementar el n\u00famero de usuarios, as\u00ed como el de impulsar y habilitar a m\u00e1s estudiantes e investigadores a viajar y llevar a cabo experimentos en los diversos sincrotrones en el mundo.<\/span><\/p><p style=\"text-align: justify;\"><span style=\"color: #000000;\"> <\/span><\/p><p style=\"text-align: justify;\"><span style=\"color: #000000;\">Esta primera reuni\u00f3n de usuarios de luz sincrotr\u00f3n cre\u00f3 la primera organizaci\u00f3n denominada Red de Usuarios de Radiaci\u00f3n Sincrotr\u00f3n (REDTULS) que fue una de las redes tem\u00e1ticas de CONACYT; que se puede considerar la organizaci\u00f3n de cient\u00edficos usuarios de t\u00e9cnicas de sincrotr\u00f3n que fund\u00f3 las bases para la creaci\u00f3n de una sociedad cient\u00edfica en la actualidad denominada Sociedad Mexicana de Luz Sincrotr\u00f3n A.C. Las sedes de las reuniones posteriores al a\u00f1o 2011 fueron Le\u00f3n (2012), Cuernavaca (2013), Quer\u00e9taro (2013), Huatulco (2014), Cuernavaca (2015), M\u00e9rida (2016), Le\u00f3n 2017 y la \u00faltima de \u00e9stas reuniones como Red Tem\u00e1tica de Usuarios de Luz Sincrotr\u00f3n tuvo lugar en la Ciudad de Oaxaca en 2018 en colaboraci\u00f3n con La IX Reuni\u00f3n Nacional de la Sociedad Mexicana de Cristalograf\u00eda, A.C. A lo largo de este tiempo, en el a\u00f1o 2015 se hizo un primer esfuerzo en crear una primera sociedad cient\u00edfica, la Asociaci\u00f3n Mexicana de Usuarios de Luz Sincrotr\u00f3n, A.C., denominada AMEDUS para poder incorporar a todos estos usuarios como miembros permanentes. Pero por cuestiones log\u00edsticas y pr\u00e1cticas esta sociedad se extingui\u00f3 en 2018 sin haber organizado ning\u00fan evento, ni haber jugado un papel preponderante en la consolidaci\u00f3n de los usuarios de luz sincrotr\u00f3n.<\/span><\/p><p style=\"text-align: justify;\"><span style=\"color: #000000;\"> <\/span><\/p><p style=\"text-align: justify;\"><span style=\"color: #000000;\">En los eventos mencionados de reuniones de usuarios de luz sintrotr\u00f3n de 2011 a 2018 participaron estudiantes e investigadores nacionales e internacionales. Mediante las reuniones anuales se organizaron un total de ocho reuniones.<\/span><\/p><p style=\"text-align: justify;\"><span style=\"color: #000000;\"> <\/span><\/p><p style=\"text-align: justify;\"><span style=\"color: #000000;\">En el 2019 se hizo un nuevo esfuerzo para poder unir a todos estos usuarios en una organizaci\u00f3n formal que tuviera una existencia a largo plazo. Este hecho fue precisamente, durante la VI Reuni\u00f3n Nacional de Difractometr\u00eda y la Primera Reuni\u00f3n Internacional de Radiaci\u00f3n Sincrotr\u00f3n que se llevaron a cabo en la Ciudad de Pachuca Hidalgo del 6-8 de noviembre de 2019, en conjunto con la Sociedad Mexicana de Cristalograf\u00eda, A.C., se fund\u00f3 la Sociedad Mexicana de Luz Sincrotr\u00f3n, A.C. Esta sociedad naci\u00f3 con la necesidad de llenar un hueco en la sociedad cient\u00edfica mexicana de usuarios, para poder tener una instituci\u00f3n de car\u00e1cter civil, con personalidad jur\u00eddica y administrativa que fuera incorporada al RENIECYT del CONACYT y que fuera registrada ante el Sistema de Administraci\u00f3n Tributaria (SAT), para poder tener todas las facultades en poder organizar eventos, reuniones anuales, cursos y sobre todo aglutinar de nuevo a todos los cient\u00edficos mexicanos, que emplean luz sincrotr\u00f3n en sus investigaciones.<\/span><\/p><p style=\"text-align: justify;\"><span style=\"color: #000000;\"> <\/span><\/p><p style=\"text-align: justify;\"><span style=\"color: #000000;\">Esta sociedad cient\u00edfica, denominada SMLS, A.C., por sus siglas en espa\u00f1ol, es la primera creada en su especie en Am\u00e9rica Latina, la cual tendr\u00e1 como objeto futuro unirse a la LightSources Organization, que cuenta con la colaboraci\u00f3n de 21 sincrotrones en el mundo, 6 facilidades de sincrotrones de cuarta generaci\u00f3n (denominados FEL por sus siglas en ingl\u00e9s, L\u00e1seres de Electrones Libres) y adem\u00e1s reune 22 organizaciones de tres zonas geogr\u00e1ficas: Europa, Oriente Medio, Am\u00e9rica y Asia\/Australia. No existe ninguna organizaci\u00f3n de Am\u00e9rica Latina en esa organizaci\u00f3n internacional, que se haya incorporado a ella como sociedad cient\u00edfica, solo Brasil como pa\u00eds por tener dos sincrotrones. <\/span><\/p><p style=\"text-align: justify;\"><span style=\"color: #000000;\">Es muy importante que este esfuerzo hecho y logrado en Noviembre del 2019, cuya acta fundacional data del 9 de diciembre del 2019, es una sociedad que abre un precedente para el futuro en M\u00e9xico. Esta sociedad cient\u00edfica iniciar\u00e1 su primera reuni\u00f3n en el verano del 2020, justo al t\u00e9rmino de la pandemia del COVID-19, un hecho simb\u00f3lico que sacudi\u00f3 al mundo y a nuestro pa\u00eds y que recordaremos por sus trascendencias socio econ\u00f3micas que dej\u00f3 a M\u00e9xico y el mundo.<\/span><\/p><p style=\"text-align: justify;\"><span style=\"color: #000000;\"><\/span><\/p>\t\t\t\t\t\t\t\t<\/div>\n\t\t\t\t<\/div>\n\t\t\t\t\t<\/div>\n\t\t<\/div>\n\t\t\t\t\t<\/div>\n\t\t<\/section>\n\t\t\t\t<\/div>\n\t\t","protected":false},"excerpt":{"rendered":"<p>Los antecedentes hist\u00f3ricos de la Sociedad Mexicana de Luz Sinctrotr\u00f3n, A.C., datan del a\u00f1o 2011, fecha en la que se realiz\u00f3 la primera reuni\u00f3n de cient\u00edficos mexicanos que hac\u00edan uso de la luz sincrotr\u00f3n, y desde entonces hasta nuestro d\u00edas, \u00e9sta comunidad ha realizado un esfuerzo en llevar reuniones peri\u00f3dicas a trav\u00e9s de diversos tipos de eventos y su objetivo<\/p>\n<p><a class=\"more-link\" href=\"https:\/\/smls.mx\/?page_id=374\">Leer m\u00e1s<\/a><\/p>\n<div class=\"pvc_clear\"><\/div>\n<p id=\"pvc_stats_374\" class=\"pvc_stats all  \" data-element-id=\"374\" style=\"\"><i class=\"pvc-stats-icon medium\" aria-hidden=\"true\"><svg aria-hidden=\"true\" focusable=\"false\" data-prefix=\"far\" data-icon=\"chart-bar\" role=\"img\" xmlns=\"http:\/\/www.w3.org\/2000\/svg\" viewBox=\"0 0 512 512\" class=\"svg-inline--fa fa-chart-bar fa-w-16 fa-2x\"><path fill=\"currentColor\" d=\"M396.8 352h22.4c6.4 0 12.8-6.4 12.8-12.8V108.8c0-6.4-6.4-12.8-12.8-12.8h-22.4c-6.4 0-12.8 6.4-12.8 12.8v230.4c0 6.4 6.4 12.8 12.8 12.8zm-192 0h22.4c6.4 0 12.8-6.4 12.8-12.8V140.8c0-6.4-6.4-12.8-12.8-12.8h-22.4c-6.4 0-12.8 6.4-12.8 12.8v198.4c0 6.4 6.4 12.8 12.8 12.8zm96 0h22.4c6.4 0 12.8-6.4 12.8-12.8V204.8c0-6.4-6.4-12.8-12.8-12.8h-22.4c-6.4 0-12.8 6.4-12.8 12.8v134.4c0 6.4 6.4 12.8 12.8 12.8zM496 400H48V80c0-8.84-7.16-16-16-16H16C7.16 64 0 71.16 0 80v336c0 17.67 14.33 32 32 32h464c8.84 0 16-7.16 16-16v-16c0-8.84-7.16-16-16-16zm-387.2-48h22.4c6.4 0 12.8-6.4 12.8-12.8v-70.4c0-6.4-6.4-12.8-12.8-12.8h-22.4c-6.4 0-12.8 6.4-12.8 12.8v70.4c0 6.4 6.4 12.8 12.8 12.8z\" class=\"\"><\/path><\/svg><\/i> <img decoding=\"async\" width=\"16\" height=\"16\" alt=\"Loading\" src=\"https:\/\/smls.mx\/wp-content\/plugins\/page-views-count\/ajax-loader-2x.gif\" border=0 \/><\/p>\n<div class=\"pvc_clear\"><\/div>\n","protected":false},"author":1,"featured_media":0,"parent":0,"menu_order":0,"comment_status":"closed","ping_status":"closed","template":"","meta":{"footnotes":""},"class_list":["post-374","page","type-page","status-publish","hentry"],"a3_pvc":{"activated":true,"total_views":1891,"today_views":0},"_links":{"self":[{"href":"https:\/\/smls.mx\/index.php?rest_route=\/wp\/v2\/pages\/374","targetHints":{"allow":["GET"]}}],"collection":[{"href":"https:\/\/smls.mx\/index.php?rest_route=\/wp\/v2\/pages"}],"about":[{"href":"https:\/\/smls.mx\/index.php?rest_route=\/wp\/v2\/types\/page"}],"author":[{"embeddable":true,"href":"https:\/\/smls.mx\/index.php?rest_route=\/wp\/v2\/users\/1"}],"replies":[{"embeddable":true,"href":"https:\/\/smls.mx\/index.php?rest_route=%2Fwp%2Fv2%2Fcomments&post=374"}],"version-history":[{"count":10,"href":"https:\/\/smls.mx\/index.php?rest_route=\/wp\/v2\/pages\/374\/revisions"}],"predecessor-version":[{"id":827,"href":"https:\/\/smls.mx\/index.php?rest_route=\/wp\/v2\/pages\/374\/revisions\/827"}],"wp:attachment":[{"href":"https:\/\/smls.mx\/index.php?rest_route=%2Fwp%2Fv2%2Fmedia&parent=374"}],"curies":[{"name":"wp","href":"https:\/\/api.w.org\/{rel}","templated":true}]}}