{"id":2448,"date":"2022-10-13T21:14:48","date_gmt":"2022-10-14T02:14:48","guid":{"rendered":"https:\/\/www.smls.mx\/?page_id=2448"},"modified":"2022-10-13T21:16:38","modified_gmt":"2022-10-14T02:16:38","slug":"becas","status":"publish","type":"page","link":"https:\/\/smls.mx\/?page_id=2448","title":{"rendered":"becas"},"content":{"rendered":"\t\t<div data-elementor-type=\"wp-page\" data-elementor-id=\"2448\" class=\"elementor elementor-2448\">\n\t\t\t\t\t\t<section class=\"elementor-section elementor-top-section elementor-element elementor-element-602dfaf elementor-section-boxed elementor-section-height-default elementor-section-height-default\" data-id=\"602dfaf\" data-element_type=\"section\" data-e-type=\"section\">\n\t\t\t\t\t\t<div class=\"elementor-container elementor-column-gap-default\">\n\t\t\t\t\t<div class=\"elementor-column elementor-col-100 elementor-top-column elementor-element elementor-element-8e19f2b\" data-id=\"8e19f2b\" data-element_type=\"column\" data-e-type=\"column\">\n\t\t\t<div class=\"elementor-widget-wrap elementor-element-populated\">\n\t\t\t\t\t\t<div class=\"elementor-element elementor-element-a3a63a9 elementor-widget elementor-widget-text-editor\" data-id=\"a3a63a9\" data-element_type=\"widget\" data-e-type=\"widget\" data-widget_type=\"text-editor.default\">\n\t\t\t\t<div class=\"elementor-widget-container\">\n\t\t\t\t\t\t\t\t\t<p style=\"text-align: center;\"><strong><span style=\"color: #000000;\">BECAS<\/span><\/strong><\/p><p style=\"text-align: justify;\"><span style=\"color: #000000;\">La SMLS otorgar\u00e1 un n\u00famero limitado de becas de cuota de inscripci\u00f3n, para estudiantes <\/span><span style=\"color: #000000;\">participantes en el II Congreso Nacional de la Sociedad Mexicana de Luz Sincrotr\u00f3n, de <\/span><span style=\"color: #000000;\">acuerdo con los siguientes lineamientos:<\/span><\/p><p style=\"text-align: justify;\"><span style=\"color: #000000;\">1. El estudiante deber\u00e1 haber realizado su registro al Congreso en la p\u00e1gina de la <\/span><span style=\"color: #000000;\">SMLS (https:\/\/smls.mx) y enviar su solicitud a m\u00e1s tardar el 7 de noviembre <\/span><span style=\"color: #000000;\">del 2022.<\/span><\/p><p style=\"text-align: justify;\"><span style=\"color: #000000;\">2. Estudiantes de posgrado: enviar al correo: inscripcionsmls@gmail.com, una carta <\/span><span style=\"color: #000000;\">solicitud firmada, en papel membretado de su instituci\u00f3n acad\u00e9mica dirigida al <\/span><span style=\"color: #000000;\">Comit\u00e9 Organizador con el visto bueno del tutor (jefe de laboratorio o jefe de <\/span><span style=\"color: #000000;\">grupo), especificando que el estudiante no cuenta con apoyo econ\u00f3mico por parte de <\/span><span style=\"color: #000000;\">ning\u00fan programa de posgrado o instituci\u00f3n para asistir al congreso.<\/span><\/p><p style=\"text-align: justify;\"><span style=\"color: #000000;\">3. Estudiantes de licenciatura: enviar al correo: inscripcionsmls@gmail.com, una carta <\/span><span style=\"color: #000000;\">solicitud firmada, dirigida al Comit\u00e9 Organizador, especificando su inter\u00e9s en <\/span><span style=\"color: #000000;\">participar en el Congreso, e indicando que no cuenta con apoyo econ\u00f3mico para <\/span><span style=\"color: #000000;\">asistir al congreso.<\/span><\/p><p style=\"text-align: justify;\"><span style=\"color: #000000;\">4<\/span><span style=\"color: #000000;\">. Tanto para estudiantes de nivel licenciatura o posgrado enviar constancia que lo <\/span><span style=\"color: #000000;\">avale como estudiante (credencial vigente, k\u00e1rdex, entre otros).<\/span><\/p><p style=\"text-align: justify;\"><span style=\"color: #000000;\">5. Los estudiantes sujetos de apoyo ser\u00e1n becarios del Congreso, y se les asignar\u00e1 <\/span><span style=\"color: #000000;\">alguna actividad de apoyo t\u00e9cnico a realizar durante el evento.<\/span><\/p>\t\t\t\t\t\t\t\t<\/div>\n\t\t\t\t<\/div>\n\t\t\t\t\t<\/div>\n\t\t<\/div>\n\t\t\t\t\t<\/div>\n\t\t<\/section>\n\t\t\t\t<\/div>\n\t\t","protected":false},"excerpt":{"rendered":"<p>BECAS La SMLS otorgar\u00e1 un n\u00famero limitado de becas de cuota de inscripci\u00f3n, para estudiantes participantes en el II Congreso Nacional de la Sociedad Mexicana de Luz Sincrotr\u00f3n, de acuerdo con los siguientes lineamientos: 1. El estudiante deber\u00e1 haber realizado su registro al Congreso en la p\u00e1gina de la SMLS (https:\/\/smls.mx) y enviar su solicitud a m\u00e1s tardar el 7<\/p>\n<p><a class=\"more-link\" href=\"https:\/\/smls.mx\/?page_id=2448\">Leer m\u00e1s<\/a><\/p>\n<div class=\"pvc_clear\"><\/div>\n<p id=\"pvc_stats_2448\" class=\"pvc_stats all  \" data-element-id=\"2448\" style=\"\"><i class=\"pvc-stats-icon medium\" aria-hidden=\"true\"><svg aria-hidden=\"true\" focusable=\"false\" data-prefix=\"far\" data-icon=\"chart-bar\" role=\"img\" xmlns=\"http:\/\/www.w3.org\/2000\/svg\" viewBox=\"0 0 512 512\" class=\"svg-inline--fa fa-chart-bar fa-w-16 fa-2x\"><path fill=\"currentColor\" d=\"M396.8 352h22.4c6.4 0 12.8-6.4 12.8-12.8V108.8c0-6.4-6.4-12.8-12.8-12.8h-22.4c-6.4 0-12.8 6.4-12.8 12.8v230.4c0 6.4 6.4 12.8 12.8 12.8zm-192 0h22.4c6.4 0 12.8-6.4 12.8-12.8V140.8c0-6.4-6.4-12.8-12.8-12.8h-22.4c-6.4 0-12.8 6.4-12.8 12.8v198.4c0 6.4 6.4 12.8 12.8 12.8zm96 0h22.4c6.4 0 12.8-6.4 12.8-12.8V204.8c0-6.4-6.4-12.8-12.8-12.8h-22.4c-6.4 0-12.8 6.4-12.8 12.8v134.4c0 6.4 6.4 12.8 12.8 12.8zM496 400H48V80c0-8.84-7.16-16-16-16H16C7.16 64 0 71.16 0 80v336c0 17.67 14.33 32 32 32h464c8.84 0 16-7.16 16-16v-16c0-8.84-7.16-16-16-16zm-387.2-48h22.4c6.4 0 12.8-6.4 12.8-12.8v-70.4c0-6.4-6.4-12.8-12.8-12.8h-22.4c-6.4 0-12.8 6.4-12.8 12.8v70.4c0 6.4 6.4 12.8 12.8 12.8z\" class=\"\"><\/path><\/svg><\/i> <img decoding=\"async\" width=\"16\" height=\"16\" alt=\"Loading\" src=\"https:\/\/smls.mx\/wp-content\/plugins\/page-views-count\/ajax-loader-2x.gif\" border=0 \/><\/p>\n<div class=\"pvc_clear\"><\/div>\n","protected":false},"author":2,"featured_media":0,"parent":0,"menu_order":0,"comment_status":"closed","ping_status":"closed","template":"","meta":{"footnotes":""},"class_list":["post-2448","page","type-page","status-publish","hentry"],"a3_pvc":{"activated":true,"total_views":883,"today_views":0},"_links":{"self":[{"href":"https:\/\/smls.mx\/index.php?rest_route=\/wp\/v2\/pages\/2448","targetHints":{"allow":["GET"]}}],"collection":[{"href":"https:\/\/smls.mx\/index.php?rest_route=\/wp\/v2\/pages"}],"about":[{"href":"https:\/\/smls.mx\/index.php?rest_route=\/wp\/v2\/types\/page"}],"author":[{"embeddable":true,"href":"https:\/\/smls.mx\/index.php?rest_route=\/wp\/v2\/users\/2"}],"replies":[{"embeddable":true,"href":"https:\/\/smls.mx\/index.php?rest_route=%2Fwp%2Fv2%2Fcomments&post=2448"}],"version-history":[{"count":4,"href":"https:\/\/smls.mx\/index.php?rest_route=\/wp\/v2\/pages\/2448\/revisions"}],"predecessor-version":[{"id":2454,"href":"https:\/\/smls.mx\/index.php?rest_route=\/wp\/v2\/pages\/2448\/revisions\/2454"}],"wp:attachment":[{"href":"https:\/\/smls.mx\/index.php?rest_route=%2Fwp%2Fv2%2Fmedia&parent=2448"}],"curies":[{"name":"wp","href":"https:\/\/api.w.org\/{rel}","templated":true}]}}