{"id":24,"date":"2020-01-16T20:53:44","date_gmt":"2020-01-16T20:53:44","guid":{"rendered":"http:\/\/www.smls.mx\/?page_id=24"},"modified":"2020-08-20T18:22:44","modified_gmt":"2020-08-20T23:22:44","slug":"membresias","status":"publish","type":"page","link":"https:\/\/smls.mx\/?page_id=24","title":{"rendered":"MEMBRES\u00cdAS"},"content":{"rendered":"\t\t<div data-elementor-type=\"wp-page\" data-elementor-id=\"24\" class=\"elementor elementor-24\">\n\t\t\t\t\t\t<section class=\"elementor-section elementor-top-section elementor-element elementor-element-542dcfe elementor-section-boxed elementor-section-height-default elementor-section-height-default\" data-id=\"542dcfe\" data-element_type=\"section\">\n\t\t\t\t\t\t<div class=\"elementor-container elementor-column-gap-default\">\n\t\t\t\t\t<div class=\"elementor-column elementor-col-100 elementor-top-column elementor-element elementor-element-174c0ccb\" data-id=\"174c0ccb\" data-element_type=\"column\">\n\t\t\t<div class=\"elementor-widget-wrap elementor-element-populated\">\n\t\t\t\t\t\t<div class=\"elementor-element elementor-element-211a807c elementor-widget elementor-widget-text-editor\" data-id=\"211a807c\" data-element_type=\"widget\" data-widget_type=\"text-editor.default\">\n\t\t\t\t<div class=\"elementor-widget-container\">\n\t\t\t\t\t\t\t\t\t<p><span style=\"color: #000000;\"><\/span><\/p>\n<p class=\"has-text-align-center\"><span style=\"color: #000000;\"><strong>CONVOCATORIA MEMBRES\u00cdA 2020<\/strong><\/span><\/p>\n<p><span style=\"color: #000000;\"><\/span><\/p>\n<h2 class=\"has-text-align-center wp-block-heading\"><span style=\"color: #000000;\"><strong>\u00a0La Sociedad Mexicana de Luz Sincrotr\u00f3n, A.C.\u00a0\u00a0<\/strong><\/span><\/h2>\n<p><span style=\"color: #000000;\"><\/span><\/p>\n<p><span style=\"color: #000000;\">Convoca a los profesionistas, estudiantes, investigadores, acad\u00e9micos, industriales, y al p\u00fablico en general interesados en incorporarse a la Sociedad Mexicana de Luz Sincrotr\u00f3n como Asociados o Asociados Estudiantes a atender los requisitos aqu\u00ed descritos.<\/span><\/p>\n<p><span style=\"color: #000000;\"><\/span><\/p>\n<h2 class=\"has-text-align-center wp-block-heading\"><span style=\"color: #000000;\"><strong>Requisitos para ser socio de la SMLS<\/strong><\/span><\/h2>\n<p><span style=\"color: #000000;\"><\/span><\/p>\n<p><span style=\"color: #000000;\">La Sociedad Mexicana de Luz Sincrotr\u00f3n, A.C., es una organizaci\u00f3n nacional constituida el 9 de diciembre del 2019 La fundaci\u00f3n de la Sociedad Mexicana de Luz Sincrotr\u00f3n agrupa a los profesionales y estudiantes mexicanos que desarrollan y utilizan la luz Sincrotr\u00f3n como una herramienta en su investigaci\u00f3n cient\u00edfica.<\/span><\/p>\n<p><span style=\"color: #000000;\"><\/span><\/p>\n<p><span style=\"color: #000000;\">Esta es la primera sociedad cient\u00edfica de este tipo en Am\u00e9rica Latina, que se adelanta al futuro y acerca las t\u00e9cnicas de luz sincrotr\u00f3n (a trav\u00e9s de cursos, cursos, talleres, escuelas y congresos) no solo en beneficio de sus usuarios, sino se acerca a la industria e impulsar\u00e1 la innovaci\u00f3n tecnol\u00f3gica, as\u00ed como a la sociedad mexicana.<\/span><\/p>\n<p><span style=\"color: #000000;\"><\/span><\/p>\n<p><span style=\"color: #000000;\">Adicionalmente la SMLS, fue creada para organizar y colaborar en el dise\u00f1o y realizaci\u00f3n de cursos, seminarios, conferencias, congresos, exposiciones, editar publicaciones, as\u00ed como crear en conjunto con otras instituciones asociaciones planes y programas de estudio relacionados con la Luz Sincrotr\u00f3n.<\/span><\/p>\n<p><span style=\"color: #000000;\"><\/span><\/p>\n<p><span style=\"color: #000000;\">La modalidad de ingreso para las personas f\u00edsicas y morales ser\u00e1 como \u201cAsociado activo\u201d una vez que hayan sido aceptados por la Asamblea General. Las cuotas se dividen por categor\u00edas de acuerdo con el cuadro de cuotas vigentes:<\/span><\/p>\n<p><span style=\"color: #000000;\"><\/span><\/p>\n<figure class=\"wp-block-table\">\n<table>\n<tbody>\n<tr>\n<td><span style=\"color: #000000;\"><strong>Categor\u00eda<\/strong><\/span><\/td>\n<td><span style=\"color: #000000;\"><strong>Costo<\/strong><\/span><\/td>\n<td><span style=\"color: #000000;\"><strong>Categor\u00eda<\/strong><\/span><\/td>\n<td><span style=\"color: #000000;\"><strong>Costo<\/strong><\/span><\/td>\n<\/tr>\n<tr>\n<td><span style=\"color: #000000;\">Profesional<\/span><\/td>\n<td><span style=\"color: #000000;\">$ 3,000<\/span><\/td>\n<td><span style=\"color: #000000;\">Mayores de 65 a\u00f1os<\/span><\/td>\n<td><span style=\"color: #000000;\">$ 1,500<\/span><\/td>\n<\/tr>\n<tr>\n<td><span style=\"color: #000000;\">Estudiante de posgrado<\/span><\/td>\n<td><span style=\"color: #000000;\">$ 2,000<\/span><\/td>\n<td><span style=\"color: #000000;\">Jubilados<\/span><\/td>\n<td><span style=\"color: #000000;\">$ 500<\/span><\/td>\n<\/tr>\n<tr>\n<td><span style=\"color: #000000;\">Estudiante de pregrado<\/span><\/td>\n<td><span style=\"color: #000000;\">$ 1,000<\/span><\/td>\n<td><span style=\"color: #000000;\">Industria profesional<\/span><\/td>\n<td><span style=\"color: #000000;\">$ 5,000<\/span><\/td>\n<\/tr>\n<\/tbody>\n<\/table>\n<\/figure>\n<p><span style=\"color: #000000;\"><\/span><\/p>\n<p><span style=\"color: #000000;\">Para solicitar la membres\u00eda se deber\u00e1n llenar el formulario disponible <span style=\"text-decoration: underline;\"><span style=\"color: #ff0000;\"><strong><a style=\"color: #ff0000; text-decoration: underline;\" href=\"https:\/\/smls.mx\/formulario-inscripcion-renovacion\/\">AQU\u00cd<\/a> <\/strong><\/span><\/span><\/span><\/p>\n<p><span style=\"color: #000000;\">As\u00ed mismo se deber\u00e1n cargar los documentos siguientes en la plataforma; comprobante de pago, c\u00e9dula profesional o credencial vigente (cuando aplique) y comprobante de domicilio postal (ej. recibo de pago de servicios), por lo que se recomienda contar con estos documentos previo al llenado del formulario.<\/span><\/p>\n<p><span style=\"color: #000000;\"><\/span><\/p>\n<p><span style=\"color: #000000;\">La membres\u00eda es anual y cubre del 01 de septiembre al 31 de agosto de cada a\u00f1o<\/span><span style=\"color: #000000;\">.<\/span><\/p>\n<p>\u00a0<\/p>\n<p><span style=\"color: #000000;\"><strong>DATOS PARA DEP\u00d3SITO O TRANSFERENCIA<\/strong><\/span><\/p>\n<p><span style=\"color: #000000;\"><strong>Nombre:<\/strong> Sociedad Mexicana de Luz Sincrotr\u00f3n AC<\/span><br \/><span style=\"color: #000000;\"><strong>Banco:<\/strong> Santander<\/span><br \/><span style=\"color: #000000;\"><strong>N\u00famero de cuenta:<\/strong> 65-50820445-0<\/span><br \/><span style=\"color: #000000;\"><strong>CLABE:<\/strong> 014225655082044501<\/span><\/p>\n<p><span style=\"color: #000000;\"><span style=\"color: #003366;\"><strong>AVISO IMPORTANTE:<\/strong> <\/span>Al momento de realizar el pago, favor de indicar en el concepto de transferencia o dep\u00f3sito,\u00a0<em> \u201cPago de membres\u00eda anual de la SMLS, seguido del nombre de quien deposita\u201d<\/em><\/span><\/p>\n<p>\u00a0<\/p>\n<p><span style=\"color: #000000;\"><\/span><\/p>\n<h2 class=\"has-text-align-center wp-block-heading\"><span style=\"color: #000000;\"><strong>Beneficios<\/strong><\/span><\/h2>\n<p><span style=\"color: #000000;\"><\/span><\/p>\n<ul class=\"wp-block-list\">\n<li><span style=\"color: #000000;\">Apoyo parcial para realizar mediciones en un Sincrotr\u00f3n (previa convocatoria).<\/span><\/li>\n<li><span style=\"color: #000000;\">Acceso a consulta de resultados obtenidos por los miembros de la Sociedad.<\/span><\/li>\n<li><span style=\"color: #000000;\">Participaci\u00f3n en foros de las diferentes t\u00e9cnicas de luz sincrotr\u00f3n (el aviso ser\u00e1 publicado en la p\u00e1gina de la SMLS, con una antelaci\u00f3n m\u00ednima de una semana previo a la realizaci\u00f3n).<\/span><\/li>\n<li><span style=\"color: #000000;\">Precios preferenciales para cursos, congresos y eventos organizados por la sociedad.<\/span><\/li>\n<li><span style=\"color: #000000;\">Socios institucionales se les ofrece apoyo para resolver problemas importantes para su empresa a precios preferenciales.<\/span><\/li>\n<li><span style=\"color: #000000;\">Se tiene un comit\u00e9 de selecci\u00f3n de trabajos que apoyar\u00e1 a los mejores trabajos generados en los usuarios de la Sociedad para ser publicados en las mejores revistas dedicadas a las fuentes de luz sincrotr\u00f3n. El asociado solicitar\u00e1 este beneficio.<\/span><\/li>\n<\/ul>\n<p><span style=\"color: #000000;\"><\/span><\/p>\t\t\t\t\t\t\t\t<\/div>\n\t\t\t\t<\/div>\n\t\t\t\t\t<\/div>\n\t\t<\/div>\n\t\t\t\t\t<\/div>\n\t\t<\/section>\n\t\t\t\t<\/div>\n\t\t","protected":false},"excerpt":{"rendered":"<p>CONVOCATORIA MEMBRES\u00cdA 2020 \u00a0La Sociedad Mexicana de Luz Sincrotr\u00f3n, A.C.\u00a0\u00a0 Convoca a los profesionistas, estudiantes, investigadores, acad\u00e9micos, industriales, y al p\u00fablico en general interesados en incorporarse a la Sociedad Mexicana de Luz Sincrotr\u00f3n como Asociados o Asociados Estudiantes a atender los requisitos aqu\u00ed descritos. Requisitos para ser socio de la SMLS La Sociedad Mexicana de Luz Sincrotr\u00f3n, A.C., es una<\/p>\n<p><a class=\"more-link\" href=\"https:\/\/smls.mx\/?page_id=24\">Leer m\u00e1s<\/a><\/p>\n<div class=\"pvc_clear\"><\/div>\n<p id=\"pvc_stats_24\" class=\"pvc_stats all  \" data-element-id=\"24\" style=\"\"><i class=\"pvc-stats-icon medium\" aria-hidden=\"true\"><svg aria-hidden=\"true\" focusable=\"false\" data-prefix=\"far\" data-icon=\"chart-bar\" role=\"img\" xmlns=\"http:\/\/www.w3.org\/2000\/svg\" viewBox=\"0 0 512 512\" class=\"svg-inline--fa fa-chart-bar fa-w-16 fa-2x\"><path fill=\"currentColor\" d=\"M396.8 352h22.4c6.4 0 12.8-6.4 12.8-12.8V108.8c0-6.4-6.4-12.8-12.8-12.8h-22.4c-6.4 0-12.8 6.4-12.8 12.8v230.4c0 6.4 6.4 12.8 12.8 12.8zm-192 0h22.4c6.4 0 12.8-6.4 12.8-12.8V140.8c0-6.4-6.4-12.8-12.8-12.8h-22.4c-6.4 0-12.8 6.4-12.8 12.8v198.4c0 6.4 6.4 12.8 12.8 12.8zm96 0h22.4c6.4 0 12.8-6.4 12.8-12.8V204.8c0-6.4-6.4-12.8-12.8-12.8h-22.4c-6.4 0-12.8 6.4-12.8 12.8v134.4c0 6.4 6.4 12.8 12.8 12.8zM496 400H48V80c0-8.84-7.16-16-16-16H16C7.16 64 0 71.16 0 80v336c0 17.67 14.33 32 32 32h464c8.84 0 16-7.16 16-16v-16c0-8.84-7.16-16-16-16zm-387.2-48h22.4c6.4 0 12.8-6.4 12.8-12.8v-70.4c0-6.4-6.4-12.8-12.8-12.8h-22.4c-6.4 0-12.8 6.4-12.8 12.8v70.4c0 6.4 6.4 12.8 12.8 12.8z\" class=\"\"><\/path><\/svg><\/i> <img decoding=\"async\" width=\"16\" height=\"16\" alt=\"Loading\" src=\"https:\/\/smls.mx\/wp-content\/plugins\/page-views-count\/ajax-loader-2x.gif\" border=0 \/><\/p>\n<div class=\"pvc_clear\"><\/div>\n","protected":false},"author":1,"featured_media":0,"parent":0,"menu_order":0,"comment_status":"closed","ping_status":"closed","template":"","meta":{"footnotes":""},"class_list":["post-24","page","type-page","status-publish","hentry"],"_links":{"self":[{"href":"https:\/\/smls.mx\/index.php?rest_route=\/wp\/v2\/pages\/24","targetHints":{"allow":["GET"]}}],"collection":[{"href":"https:\/\/smls.mx\/index.php?rest_route=\/wp\/v2\/pages"}],"about":[{"href":"https:\/\/smls.mx\/index.php?rest_route=\/wp\/v2\/types\/page"}],"author":[{"embeddable":true,"href":"https:\/\/smls.mx\/index.php?rest_route=\/wp\/v2\/users\/1"}],"replies":[{"embeddable":true,"href":"https:\/\/smls.mx\/index.php?rest_route=%2Fwp%2Fv2%2Fcomments&post=24"}],"version-history":[{"count":21,"href":"https:\/\/smls.mx\/index.php?rest_route=\/wp\/v2\/pages\/24\/revisions"}],"predecessor-version":[{"id":633,"href":"https:\/\/smls.mx\/index.php?rest_route=\/wp\/v2\/pages\/24\/revisions\/633"}],"wp:attachment":[{"href":"https:\/\/smls.mx\/index.php?rest_route=%2Fwp%2Fv2%2Fmedia&parent=24"}],"curies":[{"name":"wp","href":"https:\/\/api.w.org\/{rel}","templated":true}]}}