{"id":2279,"date":"2022-09-17T11:41:15","date_gmt":"2022-09-17T16:41:15","guid":{"rendered":"https:\/\/www.smls.mx\/?page_id=2279"},"modified":"2022-09-17T12:18:25","modified_gmt":"2022-09-17T17:18:25","slug":"responsables-de-las-actividades","status":"publish","type":"page","link":"https:\/\/smls.mx\/?page_id=2279","title":{"rendered":"Responsables de las actividades"},"content":{"rendered":"\t\t<div data-elementor-type=\"wp-page\" data-elementor-id=\"2279\" class=\"elementor elementor-2279\">\n\t\t\t\t\t\t<section class=\"elementor-section elementor-top-section elementor-element elementor-element-4e339c0 elementor-section-boxed elementor-section-height-default elementor-section-height-default\" data-id=\"4e339c0\" data-element_type=\"section\" data-e-type=\"section\">\n\t\t\t\t\t\t<div class=\"elementor-container elementor-column-gap-default\">\n\t\t\t\t\t<div class=\"elementor-column elementor-col-100 elementor-top-column elementor-element elementor-element-7220ff2\" data-id=\"7220ff2\" data-element_type=\"column\" data-e-type=\"column\">\n\t\t\t<div class=\"elementor-widget-wrap elementor-element-populated\">\n\t\t\t\t\t\t<div class=\"elementor-element elementor-element-9fa4034 elementor-widget elementor-widget-text-editor\" data-id=\"9fa4034\" data-element_type=\"widget\" data-e-type=\"widget\" data-widget_type=\"text-editor.default\">\n\t\t\t\t<div class=\"elementor-widget-container\">\n\t\t\t\t\t\t\t\t\t<p><strong><span style=\"color: #000000;\">Preguntas, consultas o temas espec\u00edficos del Congreso dirigirse con los responsables:<\/span><\/strong><\/p><p><strong><span style=\"color: #000000;\">1) Registro de participantes, env\u00edo de confirmaci\u00f3n y, entrega de constancias:<\/span><\/strong><\/p><p><span style=\"color: #000000;\">Dr. Gustavo Cruz Jim\u00e9nez<\/span><\/p><p><span style=\"color: #000000;\">Dr. Ren\u00e9 Loredo Portales<\/span><\/p><p><span style=\"color: #000000;\">Correo electr\u00f3nico: <a style=\"color: #000000;\" href=\"mailto:inscripcionsmls@gmail.com\">inscripcionsmls@gmail.com<\/a><\/span><\/p><p><strong><span style=\"color: #000000;\">2) Recepci\u00f3n de trabajos, evaluaci\u00f3n, env\u00edo de carta de aceptaci\u00f3n y asignaci\u00f3n de fecha de presentaci\u00f3n del trabajo:<\/span><\/strong><\/p><p><span style=\"color: #000000;\">Dra. Mar\u00eda Elena Montero Cabrera<\/span><\/p><p><span style=\"color: #000000;\">Dr. Luis Edmundo Fuentes Cobas<\/span><\/p><p><span style=\"color: #000000;\">Correo electr\u00f3nico: <a style=\"color: #000000;\" href=\"mailto:inscripcionsmls@gmail.com\">inscripcionsmls@gmail.com<\/a><\/span><\/p><p><strong><span style=\"color: #000000;\">3) Comprobantes de pago, elaboraci\u00f3n y expedici\u00f3n de facturas:<\/span><\/strong><\/p><p><span style=\"color: #000000;\">Dr. Gustavo Cruz Jim\u00e9nez<\/span><\/p><p><span style=\"color: #000000;\">Dr. Ren\u00e9 Loredo Portales<\/span><\/p><p><span style=\"color: #000000;\">Correo electr\u00f3nico: <a style=\"color: #000000;\" href=\"mailto:inscripcionsmls@gmail.com\">inscripcionsmls@gmail.com<\/a><\/span><\/p><p><strong><span style=\"color: #000000;\">IMPORTANTE: Escribir en el encabezado del mensaje cual es el tema de su correo.<\/span><\/strong><\/p>\t\t\t\t\t\t\t\t<\/div>\n\t\t\t\t<\/div>\n\t\t\t\t\t<\/div>\n\t\t<\/div>\n\t\t\t\t\t<\/div>\n\t\t<\/section>\n\t\t\t\t<\/div>\n\t\t","protected":false},"excerpt":{"rendered":"<p>Preguntas, consultas o temas espec\u00edficos del Congreso dirigirse con los responsables: 1) Registro de participantes, env\u00edo de confirmaci\u00f3n y, entrega de constancias: Dr. Gustavo Cruz Jim\u00e9nez Dr. Ren\u00e9 Loredo Portales Correo electr\u00f3nico: inscripcionsmls@gmail.com 2) Recepci\u00f3n de trabajos, evaluaci\u00f3n, env\u00edo de carta de aceptaci\u00f3n y asignaci\u00f3n de fecha de presentaci\u00f3n del trabajo: Dra. Mar\u00eda Elena Montero Cabrera Dr. Luis Edmundo Fuentes<\/p>\n<p><a class=\"more-link\" href=\"https:\/\/smls.mx\/?page_id=2279\">Leer m\u00e1s<\/a><\/p>\n<div class=\"pvc_clear\"><\/div>\n<p id=\"pvc_stats_2279\" class=\"pvc_stats all  \" data-element-id=\"2279\" style=\"\"><i class=\"pvc-stats-icon medium\" aria-hidden=\"true\"><svg aria-hidden=\"true\" focusable=\"false\" data-prefix=\"far\" data-icon=\"chart-bar\" role=\"img\" xmlns=\"http:\/\/www.w3.org\/2000\/svg\" viewBox=\"0 0 512 512\" class=\"svg-inline--fa fa-chart-bar fa-w-16 fa-2x\"><path fill=\"currentColor\" d=\"M396.8 352h22.4c6.4 0 12.8-6.4 12.8-12.8V108.8c0-6.4-6.4-12.8-12.8-12.8h-22.4c-6.4 0-12.8 6.4-12.8 12.8v230.4c0 6.4 6.4 12.8 12.8 12.8zm-192 0h22.4c6.4 0 12.8-6.4 12.8-12.8V140.8c0-6.4-6.4-12.8-12.8-12.8h-22.4c-6.4 0-12.8 6.4-12.8 12.8v198.4c0 6.4 6.4 12.8 12.8 12.8zm96 0h22.4c6.4 0 12.8-6.4 12.8-12.8V204.8c0-6.4-6.4-12.8-12.8-12.8h-22.4c-6.4 0-12.8 6.4-12.8 12.8v134.4c0 6.4 6.4 12.8 12.8 12.8zM496 400H48V80c0-8.84-7.16-16-16-16H16C7.16 64 0 71.16 0 80v336c0 17.67 14.33 32 32 32h464c8.84 0 16-7.16 16-16v-16c0-8.84-7.16-16-16-16zm-387.2-48h22.4c6.4 0 12.8-6.4 12.8-12.8v-70.4c0-6.4-6.4-12.8-12.8-12.8h-22.4c-6.4 0-12.8 6.4-12.8 12.8v70.4c0 6.4 6.4 12.8 12.8 12.8z\" class=\"\"><\/path><\/svg><\/i> <img decoding=\"async\" width=\"16\" height=\"16\" alt=\"Loading\" src=\"https:\/\/smls.mx\/wp-content\/plugins\/page-views-count\/ajax-loader-2x.gif\" border=0 \/><\/p>\n<div class=\"pvc_clear\"><\/div>\n","protected":false},"author":2,"featured_media":0,"parent":0,"menu_order":0,"comment_status":"closed","ping_status":"closed","template":"","meta":{"footnotes":""},"class_list":["post-2279","page","type-page","status-publish","hentry"],"a3_pvc":{"activated":true,"total_views":809,"today_views":0},"_links":{"self":[{"href":"https:\/\/smls.mx\/index.php?rest_route=\/wp\/v2\/pages\/2279","targetHints":{"allow":["GET"]}}],"collection":[{"href":"https:\/\/smls.mx\/index.php?rest_route=\/wp\/v2\/pages"}],"about":[{"href":"https:\/\/smls.mx\/index.php?rest_route=\/wp\/v2\/types\/page"}],"author":[{"embeddable":true,"href":"https:\/\/smls.mx\/index.php?rest_route=\/wp\/v2\/users\/2"}],"replies":[{"embeddable":true,"href":"https:\/\/smls.mx\/index.php?rest_route=%2Fwp%2Fv2%2Fcomments&post=2279"}],"version-history":[{"count":7,"href":"https:\/\/smls.mx\/index.php?rest_route=\/wp\/v2\/pages\/2279\/revisions"}],"predecessor-version":[{"id":2374,"href":"https:\/\/smls.mx\/index.php?rest_route=\/wp\/v2\/pages\/2279\/revisions\/2374"}],"wp:attachment":[{"href":"https:\/\/smls.mx\/index.php?rest_route=%2Fwp%2Fv2%2Fmedia&parent=2279"}],"curies":[{"name":"wp","href":"https:\/\/api.w.org\/{rel}","templated":true}]}}