{"id":1041,"date":"2020-09-20T11:36:12","date_gmt":"2020-09-20T16:36:12","guid":{"rendered":"https:\/\/www.smls.mx\/?page_id=1041"},"modified":"2020-09-20T16:41:17","modified_gmt":"2020-09-20T21:41:17","slug":"espectroscopia-de-luz-sincrotron","status":"publish","type":"page","link":"https:\/\/smls.mx\/?page_id=1041","title":{"rendered":"Espectroscop\u00eda de luz sincrotr\u00f3n"},"content":{"rendered":"\t\t<div data-elementor-type=\"wp-page\" data-elementor-id=\"1041\" class=\"elementor elementor-1041\">\n\t\t\t\t\t\t<section class=\"elementor-section elementor-top-section elementor-element elementor-element-efa2802 elementor-section-boxed elementor-section-height-default elementor-section-height-default\" data-id=\"efa2802\" data-element_type=\"section\" data-e-type=\"section\">\n\t\t\t\t\t\t<div class=\"elementor-container elementor-column-gap-default\">\n\t\t\t\t\t<div class=\"elementor-column elementor-col-100 elementor-top-column elementor-element elementor-element-1680a2e\" data-id=\"1680a2e\" data-element_type=\"column\" data-e-type=\"column\">\n\t\t\t<div class=\"elementor-widget-wrap elementor-element-populated\">\n\t\t\t\t\t\t<div class=\"elementor-element elementor-element-8d6840e elementor-widget elementor-widget-text-editor\" data-id=\"8d6840e\" data-element_type=\"widget\" data-e-type=\"widget\" data-widget_type=\"text-editor.default\">\n\t\t\t\t<div class=\"elementor-widget-container\">\n\t\t\t\t\t\t\t\t\t<p style=\"text-align: justify;\"><span style=\"color: #000000;\">La espectroscop\u00eda de rayos X informa sobre la composici\u00f3n elemental, el estado qu\u00edmico y las propiedades f\u00edsicas de materiales inorg\u00e1nicos y sistemas biol\u00f3gicos. Variar la energ\u00eda de la luz sincrotr\u00f3n de forma continua se asemeja a \u201csintonizar\u201d un radio de manera continua. Sintonizando la energ\u00eda de los haces de luz sincrotr\u00f3n se obtienen los espectros de la absorci\u00f3n, la reflectividad o la fluorescencia de la muestra para un intervalo de energ\u00edas dado. En la regi\u00f3n de los rayos X, todos los elementos qu\u00edmicos absorben fuertemente los fotones en ciertas energ\u00edas (llamadas \u201cbordes de absorci\u00f3n\u201d) que son caracter\u00edsticas de esa especie at\u00f3mica. Haciendo incidir los rayos X sobre un material se provoca la emisi\u00f3n de rayos X propios de los elementos que forman ese material, y su detecci\u00f3n se llama fluorescencia de rayos X (XRF). Cuando se var\u00eda la energ\u00eda del rayo X incidente en la zona del borde de absorci\u00f3n se excitan efectos parecidos a los que ocurren al provocar ondas conc\u00e9ntricas con una piedra en un estanque de agua. Esta t\u00e9cnica se denomina espectroscop\u00eda de estructura fina de la absorci\u00f3n de rayos X (XAFS). Los cient\u00edficos utilizan rayos X, infrarrojos, rayos ultravioletas y luz visible para revelar diferentes caracter\u00edsticas de las muestras. A continuaci\u00f3n, presentamos varios ejemplos de la aplicaci\u00f3n de la espectroscop\u00eda de luz sincrotr\u00f3n en diversos campos de la ciencia y la cultura.<\/span><\/p><p style=\"text-align: justify;\"><span style=\"color: #000000;\">Se consideran nanopart\u00edculas (NP) a las part\u00edculas de 100 nm o menos. Las NP se utilizan en medicina, electr\u00f3nica, cat\u00e1lisis, cosm\u00e9ticos y productos farmac\u00e9uticos. Las NP tienen propiedades f\u00edsicas y qu\u00edmicas dadas no solo por su composici\u00f3n, sino que influye tambi\u00e9n su morfolog\u00eda. El tama\u00f1o, la forma, la pureza y la reactividad qu\u00edmica de las NP determinan su destino y efectos en el ambiente y los organismos vivos. Las NP de di\u00f3xido de cerio CeO2 (NP-Ce) se aplican en catalizadores, agentes de pulido, aditivos de combustible y microelectr\u00f3nica.<\/span><\/p><p style=\"text-align: justify;\"><span style=\"color: #000000;\">Se realiz\u00f3 un estudio del efecto de suspensiones de NP-Ce en la germinaci\u00f3n y crecimiento de las ra\u00edces de semillas de alfalfa, ma\u00edz, pepino y tomate mediante XAFS en la l\u00ednea 7\u20133 del sincrotr\u00f3n de la Universidad de Stanford (Stanford Synchrotron Radiation Lightsource, SSRL), California, Estados Unidos [4]. Los resultados mostraron que a partir de concentraciones dadas de NP-Ce se redujo significativamente tasa de germinaci\u00f3n del ma\u00edz, tomate y pepino. El crecimiento de las ra\u00edces aument\u00f3 en pepino y ma\u00edz, pero se redujo en alfalfa y tomate. Casi siempre las NP-Ce promovieron el alargamiento de los brotes en las cuatro especies de plantas. Los datos de XAFS comprobaron la presencia de NP-Ce dentro de los tejidos de las cuatro especies de plantas. <strong>La figura 5<\/strong> muestra los espectros de XAFS del borde de absorci\u00f3n llamado L3 del cerio en la zona cercana la energ\u00eda del borde (o zona XANES) para las nanopart\u00edculas y las ra\u00edces de las plantas estudiadas bajo la influencia de las NP-Ce.<\/span><\/p>\t\t\t\t\t\t\t\t<\/div>\n\t\t\t\t<\/div>\n\t\t\t\t\t<\/div>\n\t\t<\/div>\n\t\t\t\t\t<\/div>\n\t\t<\/section>\n\t\t\t\t<section class=\"elementor-section elementor-top-section elementor-element elementor-element-64df62d elementor-section-boxed elementor-section-height-default elementor-section-height-default\" data-id=\"64df62d\" data-element_type=\"section\" data-e-type=\"section\">\n\t\t\t\t\t\t<div class=\"elementor-container elementor-column-gap-default\">\n\t\t\t\t\t<div class=\"elementor-column elementor-col-100 elementor-top-column elementor-element elementor-element-66d922f\" data-id=\"66d922f\" data-element_type=\"column\" data-e-type=\"column\">\n\t\t\t<div class=\"elementor-widget-wrap elementor-element-populated\">\n\t\t\t\t\t\t<div class=\"elementor-element elementor-element-f2acc1e elementor-widget elementor-widget-image\" data-id=\"f2acc1e\" data-element_type=\"widget\" data-e-type=\"widget\" data-widget_type=\"image.default\">\n\t\t\t\t<div class=\"elementor-widget-container\">\n\t\t\t\t\t\t\t\t\t\t\t\t\t\t\t<img fetchpriority=\"high\" decoding=\"async\" width=\"367\" height=\"284\" src=\"https:\/\/smls.mx\/wp-content\/uploads\/2020\/09\/figura-5.png\" class=\"attachment-large size-large wp-image-1066\" alt=\"\" srcset=\"https:\/\/smls.mx\/wp-content\/uploads\/2020\/09\/figura-5.png 367w, https:\/\/smls.mx\/wp-content\/uploads\/2020\/09\/figura-5-300x232.png 300w, https:\/\/smls.mx\/wp-content\/uploads\/2020\/09\/figura-5-180x138.png 180w\" sizes=\"(max-width: 367px) 100vw, 367px\" \/>\t\t\t\t\t\t\t\t\t\t\t\t\t\t\t<\/div>\n\t\t\t\t<\/div>\n\t\t\t\t\t<\/div>\n\t\t<\/div>\n\t\t\t\t\t<\/div>\n\t\t<\/section>\n\t\t\t\t<section class=\"elementor-section elementor-top-section elementor-element elementor-element-e2a9295 elementor-section-boxed elementor-section-height-default elementor-section-height-default\" data-id=\"e2a9295\" data-element_type=\"section\" data-e-type=\"section\">\n\t\t\t\t\t\t<div class=\"elementor-container elementor-column-gap-default\">\n\t\t\t\t\t<div class=\"elementor-column elementor-col-100 elementor-top-column elementor-element elementor-element-db939d4\" data-id=\"db939d4\" data-element_type=\"column\" data-e-type=\"column\">\n\t\t\t<div class=\"elementor-widget-wrap elementor-element-populated\">\n\t\t\t\t\t\t<div class=\"elementor-element elementor-element-4073aaf elementor-widget elementor-widget-text-editor\" data-id=\"4073aaf\" data-element_type=\"widget\" data-e-type=\"widget\" data-widget_type=\"text-editor.default\">\n\t\t\t\t<div class=\"elementor-widget-container\">\n\t\t\t\t\t\t\t\t\t<p style=\"text-align: justify;\"><span style=\"color: #000000;\"><strong>Figura 5.<\/strong> De arriba hacia abajo: Espectros XANES del borde de absorci\u00f3n L3 del Ce para las nanopart\u00edculas (NP) de CeO2 y las ra\u00edces sometidas a la presencia de NP-Ce de pepino, alfalfa, tomate y ma\u00edz, respectivamente [4]. Figura reproducida con permiso de \u201cL\u00f3pez-Moreno, M. L., de la Rosa G., et al., X-ray Absorption Spectroscopy (XAS) Corroboration of the Uptake and Storage of CeO2 Nanoparticles and Assessment of Their Differential Toxicity in Four Edible Plant Species. J. Agric. Food. Chem. 2010, 58 (6), 3689-3693. Copyright 2010 American Chemical Society\u201d.<\/span><\/p><p style=\"text-align: justify;\"><span style=\"color: #000000;\">En el sincrotr\u00f3n ESRF de Grenoble se desarrollan sistem\u00e1ticamente investigaciones de la contaminaci\u00f3n por elementos t\u00f3xicos y sus posibles efectos en la salud. Un ejemplo es el mapeo con haces microsc\u00f3picos de luz sincrotr\u00f3n por nano-fluorescencia de rayos X (\u03bd-XRF) y microscop\u00eda de la Transformada de Fourier de luz infrarroja (\u03bc-FTIR) para analizar el destino y los efectos de los pigmentos del tatuaje en la piel humana [5]. El mapeo \u03bc-XRF identific\u00f3 y localiz\u00f3 elementos qu\u00edmicos t\u00f3xicos de las part\u00edculas de tatuaje en secciones de piel y en tejido de ganglios linf\u00e1ticos. Se pudo comprobar que los elementos como f\u00f3sforo (P), cloro (Cl), bromo (Br) y titanio (Ti) se localizan en la dermis de la persona donante y que viajan hasta los ganglios linf\u00e1ticos. <strong>La figura 6<\/strong> presenta una secuencia de im\u00e1genes de microscop\u00eda de luz visible, de luz fluorescente visible y de m-XRF de la piel y ganglios del trabajo [5].\u00a0\u00a0<\/span><\/p>\t\t\t\t\t\t\t\t<\/div>\n\t\t\t\t<\/div>\n\t\t\t\t\t<\/div>\n\t\t<\/div>\n\t\t\t\t\t<\/div>\n\t\t<\/section>\n\t\t\t\t<section class=\"elementor-section elementor-top-section elementor-element elementor-element-f36a273 elementor-section-boxed elementor-section-height-default elementor-section-height-default\" data-id=\"f36a273\" data-element_type=\"section\" data-e-type=\"section\">\n\t\t\t\t\t\t<div class=\"elementor-container elementor-column-gap-default\">\n\t\t\t\t\t<div class=\"elementor-column elementor-col-100 elementor-top-column elementor-element elementor-element-b5904db\" data-id=\"b5904db\" data-element_type=\"column\" data-e-type=\"column\">\n\t\t\t<div class=\"elementor-widget-wrap elementor-element-populated\">\n\t\t\t\t\t\t<div class=\"elementor-element elementor-element-213d04c elementor-widget elementor-widget-image\" data-id=\"213d04c\" data-element_type=\"widget\" data-e-type=\"widget\" data-widget_type=\"image.default\">\n\t\t\t\t<div class=\"elementor-widget-container\">\n\t\t\t\t\t\t\t\t\t\t\t\t\t\t\t<img decoding=\"async\" width=\"470\" height=\"371\" src=\"https:\/\/smls.mx\/wp-content\/uploads\/2020\/09\/figura-6.png\" class=\"attachment-large size-large wp-image-1067\" alt=\"\" srcset=\"https:\/\/smls.mx\/wp-content\/uploads\/2020\/09\/figura-6.png 470w, https:\/\/smls.mx\/wp-content\/uploads\/2020\/09\/figura-6-300x237.png 300w\" sizes=\"(max-width: 470px) 100vw, 470px\" \/>\t\t\t\t\t\t\t\t\t\t\t\t\t\t\t<\/div>\n\t\t\t\t<\/div>\n\t\t\t\t\t<\/div>\n\t\t<\/div>\n\t\t\t\t\t<\/div>\n\t\t<\/section>\n\t\t\t\t<section class=\"elementor-section elementor-top-section elementor-element elementor-element-d9b276b elementor-section-boxed elementor-section-height-default elementor-section-height-default\" data-id=\"d9b276b\" data-element_type=\"section\" data-e-type=\"section\">\n\t\t\t\t\t\t<div class=\"elementor-container elementor-column-gap-default\">\n\t\t\t\t\t<div class=\"elementor-column elementor-col-100 elementor-top-column elementor-element elementor-element-a652a75\" data-id=\"a652a75\" data-element_type=\"column\" data-e-type=\"column\">\n\t\t\t<div class=\"elementor-widget-wrap elementor-element-populated\">\n\t\t\t\t\t\t<div class=\"elementor-element elementor-element-dba1494 elementor-widget elementor-widget-text-editor\" data-id=\"dba1494\" data-element_type=\"widget\" data-e-type=\"widget\" data-widget_type=\"text-editor.default\">\n\t\t\t\t<div class=\"elementor-widget-container\">\n\t\t\t\t\t\t\t\t\t<p style=\"text-align: justify;\"><span style=\"color: #000000;\"><strong>Figura 6.<\/strong> (a) Im\u00e1genes de microscop\u00eda de luz visible (VLM) del \u00e1rea mapeada por \u03bc-XRF [5]. Los pigmentos del tatuaje est\u00e1n indicados por una flecha roja. (b) Tinte de secciones adyacentes que muestran los n\u00facleos celulares. (c) Mapas \u03bc-XRF de P, Ti, Cl y \/ o Br. Para el ganglio linf\u00e1tico, las \u00e1reas de tama\u00f1o similar est\u00e1n marcadas en (a) y (b). (d) Espectros de \u03bc-XRF promedio sobre el \u00e1rea completa mostrada en (c). (e) Espectros \u03bc-XANES del borde de absorci\u00f3n K del Ti de piel y ganglios linf\u00e1ticos en comparaci\u00f3n con espectros XANES de transmisi\u00f3n de material de referencia de rutilo, anatasa y un c\u00e1lculo de mezcla de rutilo \/ anatasa en proporciones 80\/20.<\/span><\/p>\t\t\t\t\t\t\t\t<\/div>\n\t\t\t\t<\/div>\n\t\t\t\t\t<\/div>\n\t\t<\/div>\n\t\t\t\t\t<\/div>\n\t\t<\/section>\n\t\t\t\t<\/div>\n\t\t","protected":false},"excerpt":{"rendered":"<p>La espectroscop\u00eda de rayos X informa sobre la composici\u00f3n elemental, el estado qu\u00edmico y las propiedades f\u00edsicas de materiales inorg\u00e1nicos y sistemas biol\u00f3gicos. Variar la energ\u00eda de la luz sincrotr\u00f3n de forma continua se asemeja a \u201csintonizar\u201d un radio de manera continua. Sintonizando la energ\u00eda de los haces de luz sincrotr\u00f3n se obtienen los espectros de la absorci\u00f3n, la reflectividad<\/p>\n<p><a class=\"more-link\" href=\"https:\/\/smls.mx\/?page_id=1041\">Leer m\u00e1s<\/a><\/p>\n<div class=\"pvc_clear\"><\/div>\n<p id=\"pvc_stats_1041\" class=\"pvc_stats all  \" data-element-id=\"1041\" style=\"\"><i class=\"pvc-stats-icon medium\" aria-hidden=\"true\"><svg aria-hidden=\"true\" focusable=\"false\" data-prefix=\"far\" data-icon=\"chart-bar\" role=\"img\" xmlns=\"http:\/\/www.w3.org\/2000\/svg\" viewBox=\"0 0 512 512\" class=\"svg-inline--fa fa-chart-bar fa-w-16 fa-2x\"><path fill=\"currentColor\" d=\"M396.8 352h22.4c6.4 0 12.8-6.4 12.8-12.8V108.8c0-6.4-6.4-12.8-12.8-12.8h-22.4c-6.4 0-12.8 6.4-12.8 12.8v230.4c0 6.4 6.4 12.8 12.8 12.8zm-192 0h22.4c6.4 0 12.8-6.4 12.8-12.8V140.8c0-6.4-6.4-12.8-12.8-12.8h-22.4c-6.4 0-12.8 6.4-12.8 12.8v198.4c0 6.4 6.4 12.8 12.8 12.8zm96 0h22.4c6.4 0 12.8-6.4 12.8-12.8V204.8c0-6.4-6.4-12.8-12.8-12.8h-22.4c-6.4 0-12.8 6.4-12.8 12.8v134.4c0 6.4 6.4 12.8 12.8 12.8zM496 400H48V80c0-8.84-7.16-16-16-16H16C7.16 64 0 71.16 0 80v336c0 17.67 14.33 32 32 32h464c8.84 0 16-7.16 16-16v-16c0-8.84-7.16-16-16-16zm-387.2-48h22.4c6.4 0 12.8-6.4 12.8-12.8v-70.4c0-6.4-6.4-12.8-12.8-12.8h-22.4c-6.4 0-12.8 6.4-12.8 12.8v70.4c0 6.4 6.4 12.8 12.8 12.8z\" class=\"\"><\/path><\/svg><\/i> <img decoding=\"async\" width=\"16\" height=\"16\" alt=\"Loading\" src=\"https:\/\/smls.mx\/wp-content\/plugins\/page-views-count\/ajax-loader-2x.gif\" border=0 \/><\/p>\n<div class=\"pvc_clear\"><\/div>\n","protected":false},"author":2,"featured_media":0,"parent":0,"menu_order":0,"comment_status":"closed","ping_status":"closed","template":"","meta":{"footnotes":""},"class_list":["post-1041","page","type-page","status-publish","hentry"],"a3_pvc":{"activated":true,"total_views":2155,"today_views":0},"_links":{"self":[{"href":"https:\/\/smls.mx\/index.php?rest_route=\/wp\/v2\/pages\/1041","targetHints":{"allow":["GET"]}}],"collection":[{"href":"https:\/\/smls.mx\/index.php?rest_route=\/wp\/v2\/pages"}],"about":[{"href":"https:\/\/smls.mx\/index.php?rest_route=\/wp\/v2\/types\/page"}],"author":[{"embeddable":true,"href":"https:\/\/smls.mx\/index.php?rest_route=\/wp\/v2\/users\/2"}],"replies":[{"embeddable":true,"href":"https:\/\/smls.mx\/index.php?rest_route=%2Fwp%2Fv2%2Fcomments&post=1041"}],"version-history":[{"count":2,"href":"https:\/\/smls.mx\/index.php?rest_route=\/wp\/v2\/pages\/1041\/revisions"}],"predecessor-version":[{"id":1068,"href":"https:\/\/smls.mx\/index.php?rest_route=\/wp\/v2\/pages\/1041\/revisions\/1068"}],"wp:attachment":[{"href":"https:\/\/smls.mx\/index.php?rest_route=%2Fwp%2Fv2%2Fmedia&parent=1041"}],"curies":[{"name":"wp","href":"https:\/\/api.w.org\/{rel}","templated":true}]}}