{"id":1040,"date":"2020-09-20T11:36:11","date_gmt":"2020-09-20T16:36:11","guid":{"rendered":"https:\/\/www.smls.mx\/?page_id=1040"},"modified":"2020-09-20T12:44:24","modified_gmt":"2020-09-20T17:44:24","slug":"difraccion-y-dispersion-de-rayos-x","status":"publish","type":"page","link":"https:\/\/smls.mx\/?page_id=1040","title":{"rendered":"Difracci\u00f3n y dispersi\u00f3n de rayos X"},"content":{"rendered":"\t\t<div data-elementor-type=\"wp-page\" data-elementor-id=\"1040\" class=\"elementor elementor-1040\">\n\t\t\t\t\t\t<section class=\"elementor-section elementor-top-section elementor-element elementor-element-df5f78c elementor-section-boxed elementor-section-height-default elementor-section-height-default\" data-id=\"df5f78c\" data-element_type=\"section\" data-e-type=\"section\">\n\t\t\t\t\t\t<div class=\"elementor-container elementor-column-gap-default\">\n\t\t\t\t\t<div class=\"elementor-column elementor-col-100 elementor-top-column elementor-element elementor-element-ba9f60f\" data-id=\"ba9f60f\" data-element_type=\"column\" data-e-type=\"column\">\n\t\t\t<div class=\"elementor-widget-wrap elementor-element-populated\">\n\t\t\t\t\t\t<div class=\"elementor-element elementor-element-d219df6 elementor-widget elementor-widget-text-editor\" data-id=\"d219df6\" data-element_type=\"widget\" data-e-type=\"widget\" data-widget_type=\"text-editor.default\">\n\t\t\t\t<div class=\"elementor-widget-container\">\n\t\t\t\t\t\t\t\t\t<p style=\"text-align: justify;\"><span style=\"color: #000000;\">Una de las t\u00e9cnicas de sincrotr\u00f3n m\u00e1s conocidas es la difracci\u00f3n de rayos X (DRX), que se aprovecha en laboratorios convencionales desde principios de siglo XX. Cuando los rayos X inciden sobre un cristal se reflejan en la red tridimensional ordenada de los planos de \u00e1tomos, se difractan y dispersan de acuerdo con su estructura y se registran en uno o m\u00e1s detectores. A partir de los patrones de difracci\u00f3n lineal, bi- o tridimensional que forman los rayos X reflejados, se pueden deducir por ello la estructura cristalina y muchas caracter\u00edsticas de la muestra. La difracci\u00f3n se emplea en el estudio de materiales naturales y compuestos qu\u00edmicos, como minerales, cer\u00e1micas, muestras biol\u00f3gicas y materiales electr\u00f3nicos y magn\u00e9ticos. Esta es, por ejemplo, una t\u00e9cnica absolutamente indispensable hoy para determinar la estructura de las prote\u00ednas y otras complejas mol\u00e9culas determinantes en los procesos vitales, como la estructura y composici\u00f3n de los virus. La dispersi\u00f3n proporciona informaci\u00f3n sobre la estructura y din\u00e1mica de grandes mol\u00e9culas que muestran menos orden, caracter\u00edsticas de las c\u00e9lulas vegetales y animales, pol\u00edmeros y coloides.<\/span><\/p><p style=\"text-align: justify;\"><span style=\"color: #000000;\">Un ejemplo de empleo de la DRX se presenta en la <strong>figura 2.<\/strong> Se estudi\u00f3 en la l\u00ednea de luz MCX del sincrotr\u00f3n Elettra (Trieste, Italia) una muestra en polvo del material Li0.5Zn1.67Sb0.83O4, que tiene propiedades de \u201cbaristor\u201d (que se emplea en circuitos de seguridad el\u00e9ctrica) [1]. El gr\u00e1fico presenta el gr\u00e1fico del \u201cdifractograma\u201d de los \u00e1ngulos a los que ocurren las reflexiones de los rayos X y sus intensidades. Tambi\u00e9n se presenta una representaci\u00f3n de la red tridimensional de planos, tetraedros y octaedros que forman los \u00e1tomos del compuesto, que se obtiene de interpretar el difractograma.<\/span><\/p>\t\t\t\t\t\t\t\t<\/div>\n\t\t\t\t<\/div>\n\t\t\t\t\t<\/div>\n\t\t<\/div>\n\t\t\t\t\t<\/div>\n\t\t<\/section>\n\t\t\t\t<section class=\"elementor-section elementor-top-section elementor-element elementor-element-472181f elementor-section-boxed elementor-section-height-default elementor-section-height-default\" data-id=\"472181f\" data-element_type=\"section\" data-e-type=\"section\">\n\t\t\t\t\t\t<div class=\"elementor-container elementor-column-gap-default\">\n\t\t\t\t\t<div class=\"elementor-column elementor-col-100 elementor-top-column elementor-element elementor-element-2d9f4f1\" data-id=\"2d9f4f1\" data-element_type=\"column\" data-e-type=\"column\">\n\t\t\t<div class=\"elementor-widget-wrap elementor-element-populated\">\n\t\t\t\t\t\t<div class=\"elementor-element elementor-element-820717d elementor-widget elementor-widget-image\" data-id=\"820717d\" data-element_type=\"widget\" data-e-type=\"widget\" data-widget_type=\"image.default\">\n\t\t\t\t<div class=\"elementor-widget-container\">\n\t\t\t\t\t\t\t\t\t\t\t\t\t\t\t<img fetchpriority=\"high\" decoding=\"async\" width=\"512\" height=\"486\" src=\"https:\/\/smls.mx\/wp-content\/uploads\/2020\/09\/sincro_02.jpg\" class=\"attachment-large size-large wp-image-1059\" alt=\"\" srcset=\"https:\/\/smls.mx\/wp-content\/uploads\/2020\/09\/sincro_02.jpg 512w, https:\/\/smls.mx\/wp-content\/uploads\/2020\/09\/sincro_02-300x285.jpg 300w\" sizes=\"(max-width: 512px) 100vw, 512px\" \/>\t\t\t\t\t\t\t\t\t\t\t\t\t\t\t<\/div>\n\t\t\t\t<\/div>\n\t\t\t\t\t<\/div>\n\t\t<\/div>\n\t\t\t\t\t<\/div>\n\t\t<\/section>\n\t\t\t\t<section class=\"elementor-section elementor-top-section elementor-element elementor-element-1a39c42 elementor-section-boxed elementor-section-height-default elementor-section-height-default\" data-id=\"1a39c42\" data-element_type=\"section\" data-e-type=\"section\">\n\t\t\t\t\t\t<div class=\"elementor-container elementor-column-gap-default\">\n\t\t\t\t\t<div class=\"elementor-column elementor-col-100 elementor-top-column elementor-element elementor-element-9b0546c\" data-id=\"9b0546c\" data-element_type=\"column\" data-e-type=\"column\">\n\t\t\t<div class=\"elementor-widget-wrap elementor-element-populated\">\n\t\t\t\t\t\t<div class=\"elementor-element elementor-element-7b6ac9f elementor-widget elementor-widget-text-editor\" data-id=\"7b6ac9f\" data-element_type=\"widget\" data-e-type=\"widget\" data-widget_type=\"text-editor.default\">\n\t\t\t\t<div class=\"elementor-widget-container\">\n\t\t\t\t\t\t\t\t\t<p style=\"text-align: justify;\"><span style=\"color: #000000;\"><strong>Figura 2<\/strong>: Patrones de difracci\u00f3n de rayos X observado y calculado de Li0.5Zn1.67Sb0.83O4 y estructura cristalina deducida del patr\u00f3n [1].<\/span><\/p><p style=\"text-align: justify;\"><span style=\"color: #000000;\">Los materiales biol\u00f3gicos forman patrones y estructuras mucho m\u00e1s complejas. Una dificultad intr\u00ednseca de la medici\u00f3n de estructuras biol\u00f3gicas es que est\u00e1n formadas por \u00e1tomos muy ligeros, cuyas reflexiones son de baja intensidad. La luz sincrotr\u00f3n ha servido para reducir los tiempos de estudio de estos materiales. Por ejemplo, los difractogramas de macromol\u00e9culas biol\u00f3gicas en la \u00e9poca de su descubrimiento en el siglo XX pod\u00edan tardar un a\u00f1o en ser colectados. Actualmente en los sincrotrones esos patrones se obtienen en fracciones de segundos. Dos ejemplos del empleo de la DRX en materiales biol\u00f3gicos se presentan a continuaci\u00f3n.<\/span><\/p><p style=\"text-align: justify;\"><span style=\"color: #000000;\">En un estudio de la capacidad de bios\u00edntesis de varios tipos de C\u00e1ndida en ambientes de elementos t\u00f3xicos se estableci\u00f3, mediante la difracci\u00f3n de rayos X de polvos en sincrotr\u00f3n, que este pat\u00f3geno es capaz de sintetizar microcristales de sulfuros de plomo, cadmio y mercurio dentro y fuera de la c\u00e9lula [2]. Este mecanismo le permite a la c\u00e9lula adaptarse y supervivir en diferentes h\u00e1bitats fisiol\u00f3gicos y ambientales.\u00a0 En la <strong>figura 3<\/strong> se muestran las im\u00e1genes de microscopio electr\u00f3nico de barrido del experimento, acompa\u00f1ada de los patrones de DRX. Este estudio tambi\u00e9n se realiz\u00f3 en el sincrotr\u00f3n Elettra.<\/span><\/p>\t\t\t\t\t\t\t\t<\/div>\n\t\t\t\t<\/div>\n\t\t\t\t\t<\/div>\n\t\t<\/div>\n\t\t\t\t\t<\/div>\n\t\t<\/section>\n\t\t\t\t<section class=\"elementor-section elementor-top-section elementor-element elementor-element-2cd07d2 elementor-section-boxed elementor-section-height-default elementor-section-height-default\" data-id=\"2cd07d2\" data-element_type=\"section\" data-e-type=\"section\">\n\t\t\t\t\t\t<div class=\"elementor-container elementor-column-gap-default\">\n\t\t\t\t\t<div class=\"elementor-column elementor-col-100 elementor-top-column elementor-element elementor-element-53303d7\" data-id=\"53303d7\" data-element_type=\"column\" data-e-type=\"column\">\n\t\t\t<div class=\"elementor-widget-wrap elementor-element-populated\">\n\t\t\t\t\t\t<div class=\"elementor-element elementor-element-d12a755 elementor-widget elementor-widget-image\" data-id=\"d12a755\" data-element_type=\"widget\" data-e-type=\"widget\" data-widget_type=\"image.default\">\n\t\t\t\t<div class=\"elementor-widget-container\">\n\t\t\t\t\t\t\t\t\t\t\t\t\t\t\t<img decoding=\"async\" width=\"367\" height=\"285\" src=\"https:\/\/smls.mx\/wp-content\/uploads\/2020\/09\/sincro_03.png\" class=\"attachment-large size-large wp-image-1062\" alt=\"\" srcset=\"https:\/\/smls.mx\/wp-content\/uploads\/2020\/09\/sincro_03.png 367w, https:\/\/smls.mx\/wp-content\/uploads\/2020\/09\/sincro_03-300x233.png 300w\" sizes=\"(max-width: 367px) 100vw, 367px\" \/>\t\t\t\t\t\t\t\t\t\t\t\t\t\t\t<\/div>\n\t\t\t\t<\/div>\n\t\t\t\t\t<\/div>\n\t\t<\/div>\n\t\t\t\t\t<\/div>\n\t\t<\/section>\n\t\t\t\t<section class=\"elementor-section elementor-top-section elementor-element elementor-element-62a6fab elementor-section-boxed elementor-section-height-default elementor-section-height-default\" data-id=\"62a6fab\" data-element_type=\"section\" data-e-type=\"section\">\n\t\t\t\t\t\t<div class=\"elementor-container elementor-column-gap-default\">\n\t\t\t\t\t<div class=\"elementor-column elementor-col-100 elementor-top-column elementor-element elementor-element-6b8aded\" data-id=\"6b8aded\" data-element_type=\"column\" data-e-type=\"column\">\n\t\t\t<div class=\"elementor-widget-wrap elementor-element-populated\">\n\t\t\t\t\t\t<div class=\"elementor-element elementor-element-ed5a3dc elementor-widget elementor-widget-text-editor\" data-id=\"ed5a3dc\" data-element_type=\"widget\" data-e-type=\"widget\" data-widget_type=\"text-editor.default\">\n\t\t\t\t<div class=\"elementor-widget-container\">\n\t\t\t\t\t\t\t\t\t<p style=\"text-align: justify;\"><span style=\"color: #000000;\"><strong>Figura 3.<\/strong> Muestras de Candida sometidas a ambientes t\u00f3xicos [2]. Columna izquierda: mapa de las intensidades de las concentraciones de plomo (arriba) y mercurio (abajo) de espectroscop\u00eda elemental en microscopio electr\u00f3nico de barrido. Columna derecha: Patrones de DRX de las diferentes muestras de C\u00e1ndida, donde de los picos afilados se puede interpretar la presencia de sulfuros de plomo (arriba) y de mercurio (abajo).<\/span><\/p><p style=\"text-align: justify;\"><span style=\"color: #000000;\">Cuando se trata de descifrar la estructura de las prote\u00ednas los patrones son mucho m\u00e1s complejos, como es el caso del primer estudio a nivel mundial de la prote\u00edna intra-mineral Ovocleidin-17 (OC17), extra\u00edda de los cascarones de huevo [3]. La estructura es tan compleja que produce \u00a1m\u00e1s de 26 mil reflexiones! En esos casos, los cient\u00edficos presentan figuras tridimensionales donde se representan las superficies electr\u00f3nicas y detalles de algunas partes de las mol\u00e9culas. <strong>La figura 4<\/strong> presenta uno de los diagramas de la estructura de la OC17, reportados en [3]. Este estudio se realiz\u00f3 en la l\u00ednea de luz BM14S de la Instalaci\u00f3n Europea de Radiaci\u00f3n Sincrotr\u00f3n (European Synchrotron Radiation Facility, ESRF, Grenoble, Francia).<\/span><\/p>\t\t\t\t\t\t\t\t<\/div>\n\t\t\t\t<\/div>\n\t\t\t\t\t<\/div>\n\t\t<\/div>\n\t\t\t\t\t<\/div>\n\t\t<\/section>\n\t\t\t\t<section class=\"elementor-section elementor-top-section elementor-element elementor-element-5d8c52d elementor-section-boxed elementor-section-height-default elementor-section-height-default\" data-id=\"5d8c52d\" data-element_type=\"section\" data-e-type=\"section\">\n\t\t\t\t\t\t<div class=\"elementor-container elementor-column-gap-default\">\n\t\t\t\t\t<div class=\"elementor-column elementor-col-100 elementor-top-column elementor-element elementor-element-29f5d41\" data-id=\"29f5d41\" data-element_type=\"column\" data-e-type=\"column\">\n\t\t\t<div class=\"elementor-widget-wrap elementor-element-populated\">\n\t\t\t\t\t\t<div class=\"elementor-element elementor-element-c121556 elementor-widget elementor-widget-image\" data-id=\"c121556\" data-element_type=\"widget\" data-e-type=\"widget\" data-widget_type=\"image.default\">\n\t\t\t\t<div class=\"elementor-widget-container\">\n\t\t\t\t\t\t\t\t\t\t\t\t\t\t\t<img decoding=\"async\" width=\"442\" height=\"237\" src=\"https:\/\/smls.mx\/wp-content\/uploads\/2020\/09\/sincro_04.png\" class=\"attachment-large size-large wp-image-1064\" alt=\"\" srcset=\"https:\/\/smls.mx\/wp-content\/uploads\/2020\/09\/sincro_04.png 442w, https:\/\/smls.mx\/wp-content\/uploads\/2020\/09\/sincro_04-300x161.png 300w\" sizes=\"(max-width: 442px) 100vw, 442px\" \/>\t\t\t\t\t\t\t\t\t\t\t\t\t\t\t<\/div>\n\t\t\t\t<\/div>\n\t\t\t\t\t<\/div>\n\t\t<\/div>\n\t\t\t\t\t<\/div>\n\t\t<\/section>\n\t\t\t\t<section class=\"elementor-section elementor-top-section elementor-element elementor-element-8062251 elementor-section-boxed elementor-section-height-default elementor-section-height-default\" data-id=\"8062251\" data-element_type=\"section\" data-e-type=\"section\">\n\t\t\t\t\t\t<div class=\"elementor-container elementor-column-gap-default\">\n\t\t\t\t\t<div class=\"elementor-column elementor-col-100 elementor-top-column elementor-element elementor-element-961c0e2\" data-id=\"961c0e2\" data-element_type=\"column\" data-e-type=\"column\">\n\t\t\t<div class=\"elementor-widget-wrap elementor-element-populated\">\n\t\t\t\t\t\t<div class=\"elementor-element elementor-element-1e449a8 elementor-widget elementor-widget-text-editor\" data-id=\"1e449a8\" data-element_type=\"widget\" data-e-type=\"widget\" data-widget_type=\"text-editor.default\">\n\t\t\t\t<div class=\"elementor-widget-container\">\n\t\t\t\t\t\t\t\t\t<p><span style=\"color: #000000;\"><strong>Figura 4.<\/strong> Izquierda: Arquitectura general de Ovocleidin-17 (OC17). La topolog\u00eda es la de una estructura mixta a\/b, que se compone de tres h\u00e9lices a m\u00e1s ocho hebras b [3]. Derecha: Segmentos de la densidad electr\u00f3nica de la prote\u00edna OC17.<\/span><\/p>\t\t\t\t\t\t\t\t<\/div>\n\t\t\t\t<\/div>\n\t\t\t\t\t<\/div>\n\t\t<\/div>\n\t\t\t\t\t<\/div>\n\t\t<\/section>\n\t\t\t\t<\/div>\n\t\t","protected":false},"excerpt":{"rendered":"<p>Una de las t\u00e9cnicas de sincrotr\u00f3n m\u00e1s conocidas es la difracci\u00f3n de rayos X (DRX), que se aprovecha en laboratorios convencionales desde principios de siglo XX. Cuando los rayos X inciden sobre un cristal se reflejan en la red tridimensional ordenada de los planos de \u00e1tomos, se difractan y dispersan de acuerdo con su estructura y se registran en uno<\/p>\n<p><a class=\"more-link\" href=\"https:\/\/smls.mx\/?page_id=1040\">Leer m\u00e1s<\/a><\/p>\n<div class=\"pvc_clear\"><\/div>\n<p id=\"pvc_stats_1040\" class=\"pvc_stats all  \" data-element-id=\"1040\" style=\"\"><i class=\"pvc-stats-icon medium\" aria-hidden=\"true\"><svg aria-hidden=\"true\" focusable=\"false\" data-prefix=\"far\" data-icon=\"chart-bar\" role=\"img\" xmlns=\"http:\/\/www.w3.org\/2000\/svg\" viewBox=\"0 0 512 512\" class=\"svg-inline--fa fa-chart-bar fa-w-16 fa-2x\"><path fill=\"currentColor\" d=\"M396.8 352h22.4c6.4 0 12.8-6.4 12.8-12.8V108.8c0-6.4-6.4-12.8-12.8-12.8h-22.4c-6.4 0-12.8 6.4-12.8 12.8v230.4c0 6.4 6.4 12.8 12.8 12.8zm-192 0h22.4c6.4 0 12.8-6.4 12.8-12.8V140.8c0-6.4-6.4-12.8-12.8-12.8h-22.4c-6.4 0-12.8 6.4-12.8 12.8v198.4c0 6.4 6.4 12.8 12.8 12.8zm96 0h22.4c6.4 0 12.8-6.4 12.8-12.8V204.8c0-6.4-6.4-12.8-12.8-12.8h-22.4c-6.4 0-12.8 6.4-12.8 12.8v134.4c0 6.4 6.4 12.8 12.8 12.8zM496 400H48V80c0-8.84-7.16-16-16-16H16C7.16 64 0 71.16 0 80v336c0 17.67 14.33 32 32 32h464c8.84 0 16-7.16 16-16v-16c0-8.84-7.16-16-16-16zm-387.2-48h22.4c6.4 0 12.8-6.4 12.8-12.8v-70.4c0-6.4-6.4-12.8-12.8-12.8h-22.4c-6.4 0-12.8 6.4-12.8 12.8v70.4c0 6.4 6.4 12.8 12.8 12.8z\" class=\"\"><\/path><\/svg><\/i> <img loading=\"lazy\" decoding=\"async\" width=\"16\" height=\"16\" alt=\"Loading\" src=\"https:\/\/smls.mx\/wp-content\/plugins\/page-views-count\/ajax-loader-2x.gif\" border=0 \/><\/p>\n<div class=\"pvc_clear\"><\/div>\n","protected":false},"author":2,"featured_media":0,"parent":0,"menu_order":0,"comment_status":"closed","ping_status":"closed","template":"","meta":{"footnotes":""},"class_list":["post-1040","page","type-page","status-publish","hentry"],"a3_pvc":{"activated":true,"total_views":2520,"today_views":0},"_links":{"self":[{"href":"https:\/\/smls.mx\/index.php?rest_route=\/wp\/v2\/pages\/1040","targetHints":{"allow":["GET"]}}],"collection":[{"href":"https:\/\/smls.mx\/index.php?rest_route=\/wp\/v2\/pages"}],"about":[{"href":"https:\/\/smls.mx\/index.php?rest_route=\/wp\/v2\/types\/page"}],"author":[{"embeddable":true,"href":"https:\/\/smls.mx\/index.php?rest_route=\/wp\/v2\/users\/2"}],"replies":[{"embeddable":true,"href":"https:\/\/smls.mx\/index.php?rest_route=%2Fwp%2Fv2%2Fcomments&post=1040"}],"version-history":[{"count":6,"href":"https:\/\/smls.mx\/index.php?rest_route=\/wp\/v2\/pages\/1040\/revisions"}],"predecessor-version":[{"id":1065,"href":"https:\/\/smls.mx\/index.php?rest_route=\/wp\/v2\/pages\/1040\/revisions\/1065"}],"wp:attachment":[{"href":"https:\/\/smls.mx\/index.php?rest_route=%2Fwp%2Fv2%2Fmedia&parent=1040"}],"curies":[{"name":"wp","href":"https:\/\/api.w.org\/{rel}","templated":true}]}}