{"id":1038,"date":"2020-09-20T11:36:11","date_gmt":"2020-09-20T16:36:11","guid":{"rendered":"https:\/\/www.smls.mx\/?page_id=1038"},"modified":"2020-09-22T09:05:44","modified_gmt":"2020-09-22T14:05:44","slug":"tecnicas-de-investigacion-de-lineas-de-luz-sincrotron","status":"publish","type":"page","link":"https:\/\/smls.mx\/?page_id=1038","title":{"rendered":"T\u00e9cnicas de investigaci\u00f3n de l\u00edneas de luz sincrotr\u00f3n"},"content":{"rendered":"\t\t<div data-elementor-type=\"wp-page\" data-elementor-id=\"1038\" class=\"elementor elementor-1038\">\n\t\t\t\t\t\t<section class=\"elementor-section elementor-top-section elementor-element elementor-element-0a69ee9 elementor-section-boxed elementor-section-height-default elementor-section-height-default\" data-id=\"0a69ee9\" data-element_type=\"section\" data-e-type=\"section\">\n\t\t\t\t\t\t<div class=\"elementor-container elementor-column-gap-default\">\n\t\t\t\t\t<div class=\"elementor-column elementor-col-100 elementor-top-column elementor-element elementor-element-77c05b5\" data-id=\"77c05b5\" data-element_type=\"column\" data-e-type=\"column\">\n\t\t\t<div class=\"elementor-widget-wrap elementor-element-populated\">\n\t\t\t\t\t\t<div class=\"elementor-element elementor-element-c1d78b7 elementor-widget elementor-widget-text-editor\" data-id=\"c1d78b7\" data-element_type=\"widget\" data-e-type=\"widget\" data-widget_type=\"text-editor.default\">\n\t\t\t\t<div class=\"elementor-widget-container\">\n\t\t\t\t\t\t\t\t\t<p style=\"text-align: justify;\"><span style=\"color: #000000;\">Un sincrotr\u00f3n es una instalaci\u00f3n formidable, de dimensiones parecidas a un campo de futbol o de b\u00e9isbol, que acelera part\u00edculas elementales cargadas, por ejemplo, electrones o protones. Los electroimanes del sincrotr\u00f3n producen haces de radiaci\u00f3n electromagn\u00e9tica, es decir, de luz, cuya intensidad es equivalente a la de muchos millones de soles como el nuestro. Un haz de luz sincrotr\u00f3n es tan intenso que se puede colimar y\/o monocromar y reducir su intensidad un mill\u00f3n de veces o m\u00e1s. Ese haz se puede emplear para diferentes aplicaciones en la ciencia, la t\u00e9cnica, la industria, la agricultura, incluso la historia y el patrimonio cultural, etc.<\/span><\/p><p style=\"text-align: justify;\"><span style=\"color: #000000;\">La radiaci\u00f3n sincrotr\u00f3n se puede emplear en muchos tipos de an\u00e1lisis de diferentes niveles de sofisticaci\u00f3n en muestras y procesos que se desarrollan tanto en escenarios naturales como artificiales. Las t\u00e9cnicas de sincrotr\u00f3n se pueden dividir en tres categor\u00edas: <a style=\"color: #000000;\" href=\"#Difracci\u00f3n\">Difracci\u00f3n<\/a> y dispersi\u00f3n de rayos X, <a style=\"color: #000000;\" href=\"#espectroscop\u00eda\">espectroscop\u00eda<\/a> de luz sincrotr\u00f3n e <a style=\"color: #000000;\" href=\"#Im\u00e1genes\">imagen<\/a>. El segmento del texto espec\u00edfico de cada tipo de t\u00e9cnica se puede localizar a trav\u00e9s de las ligas anteriores.<\/span><\/p><p style=\"text-align: justify;\"><span style=\"color: #000000;\">La difracci\u00f3n de la luz visible es observable f\u00e1cilmente en experimentos caseros. El lector puede probar hacer incidir un haz de l\u00e1ser de un apuntador com\u00fan rojo sobre un pa\u00f1uelo en una habitaci\u00f3n a oscuras y obtendr\u00e1 en la pared un efecto como la imagen izquierda de la <strong>figura 1.<\/strong> La naturaleza nos brinda una especie de \u201cespectroscop\u00eda de luz visible\u201d en el arco\u00edris. En cuanto a im\u00e1genes de rayos X, a todos nos son familiares las im\u00e1genes de las radiograf\u00edas. La imagen derecha de la <strong>figura 1<\/strong> se considera una de las primeras pruebas del descubrimiento de los rayos X, cuando W. Roentgen obtuvo la radiograf\u00eda de la mano de su esposa.<\/span><\/p>\t\t\t\t\t\t\t\t<\/div>\n\t\t\t\t<\/div>\n\t\t\t\t\t<\/div>\n\t\t<\/div>\n\t\t\t\t\t<\/div>\n\t\t<\/section>\n\t\t\t\t<section class=\"elementor-section elementor-top-section elementor-element elementor-element-dfa8439 elementor-section-boxed elementor-section-height-default elementor-section-height-default\" data-id=\"dfa8439\" data-element_type=\"section\" data-e-type=\"section\">\n\t\t\t\t\t\t<div class=\"elementor-container elementor-column-gap-default\">\n\t\t\t\t\t<div class=\"elementor-column elementor-col-100 elementor-top-column elementor-element elementor-element-1ba1ef5\" data-id=\"1ba1ef5\" data-element_type=\"column\" data-e-type=\"column\">\n\t\t\t<div class=\"elementor-widget-wrap elementor-element-populated\">\n\t\t\t\t\t\t<div class=\"elementor-element elementor-element-251a41c elementor-widget elementor-widget-image\" data-id=\"251a41c\" data-element_type=\"widget\" data-e-type=\"widget\" data-widget_type=\"image.default\">\n\t\t\t\t<div class=\"elementor-widget-container\">\n\t\t\t\t\t\t\t\t\t\t\t\t\t\t\t<img fetchpriority=\"high\" decoding=\"async\" width=\"1024\" height=\"350\" src=\"https:\/\/smls.mx\/wp-content\/uploads\/2020\/09\/sincro_01.jpg\" class=\"attachment-large size-large wp-image-1055\" alt=\"\" srcset=\"https:\/\/smls.mx\/wp-content\/uploads\/2020\/09\/sincro_01.jpg 1024w, https:\/\/smls.mx\/wp-content\/uploads\/2020\/09\/sincro_01-600x205.jpg 600w, https:\/\/smls.mx\/wp-content\/uploads\/2020\/09\/sincro_01-300x103.jpg 300w, https:\/\/smls.mx\/wp-content\/uploads\/2020\/09\/sincro_01-768x263.jpg 768w, https:\/\/smls.mx\/wp-content\/uploads\/2020\/09\/sincro_01-800x273.jpg 800w\" sizes=\"(max-width: 1024px) 100vw, 1024px\" \/>\t\t\t\t\t\t\t\t\t\t\t\t\t\t\t<\/div>\n\t\t\t\t<\/div>\n\t\t\t\t\t<\/div>\n\t\t<\/div>\n\t\t\t\t\t<\/div>\n\t\t<\/section>\n\t\t\t\t<section class=\"elementor-section elementor-top-section elementor-element elementor-element-bc09fc8 elementor-section-boxed elementor-section-height-default elementor-section-height-default\" data-id=\"bc09fc8\" data-element_type=\"section\" data-e-type=\"section\">\n\t\t\t\t\t\t<div class=\"elementor-container elementor-column-gap-default\">\n\t\t\t\t\t<div class=\"elementor-column elementor-col-100 elementor-top-column elementor-element elementor-element-67a4d52\" data-id=\"67a4d52\" data-element_type=\"column\" data-e-type=\"column\">\n\t\t\t<div class=\"elementor-widget-wrap elementor-element-populated\">\n\t\t\t\t\t\t<div class=\"elementor-element elementor-element-ee37a66 elementor-widget elementor-widget-text-editor\" data-id=\"ee37a66\" data-element_type=\"widget\" data-e-type=\"widget\" data-widget_type=\"text-editor.default\">\n\t\t\t\t<div class=\"elementor-widget-container\">\n\t\t\t\t\t\t\t\t\t<p style=\"text-align: justify;\"><span style=\"color: #000000;\"><strong>Figura 1.<\/strong> <span style=\"color: #000080;\">Izquierda:<\/span> patr\u00f3n de la difracci\u00f3n de la luz roja de un l\u00e1ser sobre la red bidimensional de un pa\u00f1uelo. <span style=\"color: #000080;\">Centro:<\/span> Arco\u00edris sobre el Cerro Grande de Chihuahua. <span style=\"color: #000080;\">Derecha:<\/span> Radiograf\u00eda de una mano tomada por W. Roentgen en 1896.<\/span><\/p>\t\t\t\t\t\t\t\t<\/div>\n\t\t\t\t<\/div>\n\t\t\t\t\t<\/div>\n\t\t<\/div>\n\t\t\t\t\t<\/div>\n\t\t<\/section>\n\t\t\t\t<section class=\"elementor-section elementor-top-section elementor-element elementor-element-229c2f4 elementor-section-boxed elementor-section-height-default elementor-section-height-default\" data-id=\"229c2f4\" data-element_type=\"section\" data-e-type=\"section\">\n\t\t\t\t\t\t<div class=\"elementor-container elementor-column-gap-default\">\n\t\t\t\t\t<div class=\"elementor-column elementor-col-100 elementor-top-column elementor-element elementor-element-f61c7ed\" data-id=\"f61c7ed\" data-element_type=\"column\" data-e-type=\"column\">\n\t\t\t<div class=\"elementor-widget-wrap elementor-element-populated\">\n\t\t\t\t\t\t<div class=\"elementor-element elementor-element-9a27329 elementor-widget elementor-widget-text-editor\" data-id=\"9a27329\" data-element_type=\"widget\" data-e-type=\"widget\" data-widget_type=\"text-editor.default\">\n\t\t\t\t<div class=\"elementor-widget-container\">\n\t\t\t\t\t\t\t\t\t<p style=\"text-align: justify;\"><span style=\"color: #000000;\">El texto a continuaci\u00f3n expone algunos ejemplos del empleo de las t\u00e9cnicas de luz sincrotr\u00f3n por investigadores mexicanos en diferentes sincrotrones de Estados Unidos y Europa. Los art\u00edculos citados son representativos, pero dista mucho de ser una lista completa de las t\u00e9cnicas y de los trabajos de los mexicanos. En esta secci\u00f3n de la SMLS se agregar\u00e1n art\u00edculos de divulgaci\u00f3n y una lista m\u00e1s extensa que permita a los interesados consultarla a voluntad.<\/span><\/p>\t\t\t\t\t\t\t\t<\/div>\n\t\t\t\t<\/div>\n\t\t\t\t\t<\/div>\n\t\t<\/div>\n\t\t\t\t\t<\/div>\n\t\t<\/section>\n\t\t\t\t<\/div>\n\t\t","protected":false},"excerpt":{"rendered":"<p>Un sincrotr\u00f3n es una instalaci\u00f3n formidable, de dimensiones parecidas a un campo de futbol o de b\u00e9isbol, que acelera part\u00edculas elementales cargadas, por ejemplo, electrones o protones. Los electroimanes del sincrotr\u00f3n producen haces de radiaci\u00f3n electromagn\u00e9tica, es decir, de luz, cuya intensidad es equivalente a la de muchos millones de soles como el nuestro. Un haz de luz sincrotr\u00f3n es<\/p>\n<p><a class=\"more-link\" href=\"https:\/\/smls.mx\/?page_id=1038\">Leer m\u00e1s<\/a><\/p>\n<div class=\"pvc_clear\"><\/div>\n<p id=\"pvc_stats_1038\" class=\"pvc_stats all  \" data-element-id=\"1038\" style=\"\"><i class=\"pvc-stats-icon medium\" aria-hidden=\"true\"><svg aria-hidden=\"true\" focusable=\"false\" data-prefix=\"far\" data-icon=\"chart-bar\" role=\"img\" xmlns=\"http:\/\/www.w3.org\/2000\/svg\" viewBox=\"0 0 512 512\" class=\"svg-inline--fa fa-chart-bar fa-w-16 fa-2x\"><path fill=\"currentColor\" d=\"M396.8 352h22.4c6.4 0 12.8-6.4 12.8-12.8V108.8c0-6.4-6.4-12.8-12.8-12.8h-22.4c-6.4 0-12.8 6.4-12.8 12.8v230.4c0 6.4 6.4 12.8 12.8 12.8zm-192 0h22.4c6.4 0 12.8-6.4 12.8-12.8V140.8c0-6.4-6.4-12.8-12.8-12.8h-22.4c-6.4 0-12.8 6.4-12.8 12.8v198.4c0 6.4 6.4 12.8 12.8 12.8zm96 0h22.4c6.4 0 12.8-6.4 12.8-12.8V204.8c0-6.4-6.4-12.8-12.8-12.8h-22.4c-6.4 0-12.8 6.4-12.8 12.8v134.4c0 6.4 6.4 12.8 12.8 12.8zM496 400H48V80c0-8.84-7.16-16-16-16H16C7.16 64 0 71.16 0 80v336c0 17.67 14.33 32 32 32h464c8.84 0 16-7.16 16-16v-16c0-8.84-7.16-16-16-16zm-387.2-48h22.4c6.4 0 12.8-6.4 12.8-12.8v-70.4c0-6.4-6.4-12.8-12.8-12.8h-22.4c-6.4 0-12.8 6.4-12.8 12.8v70.4c0 6.4 6.4 12.8 12.8 12.8z\" class=\"\"><\/path><\/svg><\/i> <img decoding=\"async\" width=\"16\" height=\"16\" alt=\"Loading\" src=\"https:\/\/smls.mx\/wp-content\/plugins\/page-views-count\/ajax-loader-2x.gif\" border=0 \/><\/p>\n<div class=\"pvc_clear\"><\/div>\n","protected":false},"author":2,"featured_media":0,"parent":0,"menu_order":0,"comment_status":"closed","ping_status":"closed","template":"","meta":{"footnotes":""},"class_list":["post-1038","page","type-page","status-publish","hentry"],"a3_pvc":{"activated":true,"total_views":1869,"today_views":0},"_links":{"self":[{"href":"https:\/\/smls.mx\/index.php?rest_route=\/wp\/v2\/pages\/1038","targetHints":{"allow":["GET"]}}],"collection":[{"href":"https:\/\/smls.mx\/index.php?rest_route=\/wp\/v2\/pages"}],"about":[{"href":"https:\/\/smls.mx\/index.php?rest_route=\/wp\/v2\/types\/page"}],"author":[{"embeddable":true,"href":"https:\/\/smls.mx\/index.php?rest_route=\/wp\/v2\/users\/2"}],"replies":[{"embeddable":true,"href":"https:\/\/smls.mx\/index.php?rest_route=%2Fwp%2Fv2%2Fcomments&post=1038"}],"version-history":[{"count":6,"href":"https:\/\/smls.mx\/index.php?rest_route=\/wp\/v2\/pages\/1038\/revisions"}],"predecessor-version":[{"id":1075,"href":"https:\/\/smls.mx\/index.php?rest_route=\/wp\/v2\/pages\/1038\/revisions\/1075"}],"wp:attachment":[{"href":"https:\/\/smls.mx\/index.php?rest_route=%2Fwp%2Fv2%2Fmedia&parent=1038"}],"curies":[{"name":"wp","href":"https:\/\/api.w.org\/{rel}","templated":true}]}}